{"id":95,"date":"2021-05-01T18:40:53","date_gmt":"2021-05-01T16:40:53","guid":{"rendered":"https:\/\/www.libertebko.org\/?page_id=95"},"modified":"2021-06-02T00:03:14","modified_gmt":"2021-06-01T22:03:14","slug":"instances","status":"publish","type":"page","link":"https:\/\/www.libertebko.org\/?page_id=95","title":{"rendered":"Instances"},"content":{"rendered":"\n<p>Liste des instances de l&rsquo;\u00e9tablissement. Vous pouvez cliquez sur l&rsquo;instance pour la consulter :<br>&#8211; Le Conseil d&rsquo;\u00e9tablissement<br>&#8211; Le Conseil d&rsquo;\u00e9cole<br>&#8211; Le Conseil du second degr\u00e9<br>&#8211; Le Conseil p\u00e9dagogique<br>&#8211; Le Conseil de la vie lyc\u00e9enne<br>&#8211; Le Conseil de discipline<\/p>\n\n\n\n<p class=\"has-text-align-center\"><br><strong>Le Conseil d&rsquo;\u00e9tablissement (CE) :<\/strong><\/p>\n\n\n\n<p><strong>Composition :<\/strong><br>&#8211; 6 personnels administratifs,<br>&#8211; 6 personnels de l&rsquo;\u00e9tablissement,<br>&#8211; 4 repr\u00e9sentants des parents d&rsquo;\u00e9l\u00e8ves,<br>&#8211; 2 \u00e9l\u00e8ves : membres \u00e9lus.<br><br>Le CE est comp\u00e9tent pour tout ce qui concerne les questions p\u00e9dagogiques et \u00e9ducatives.<br>Le CE adopte le projet de l&rsquo;\u00e9tablissement, le r\u00e8glement int\u00e9rieur, le calendrier scolaire annuel, le plan de formation continue.<br>Le CE \u00e9met un avis sur la carte des emplois, les structures p\u00e9dagogiques, le programme des diverses associations, les questions d&rsquo;hygi\u00e8ne et de s\u00e9curit\u00e9, &#8230;.<br>Le budget et le compte financier font l&rsquo;objet d&rsquo;une information par le Directeur Administratif et Financier (DAF) et le Proviseur.<br><br><\/p>\n\n\n\n<p class=\"has-text-align-center\"><strong>Le conseil d&rsquo;\u00e9cole<\/strong><\/p>\n\n\n\n<div class=\"wp-block-image\"><figure class=\"aligncenter size-large is-resized\"><img loading=\"lazy\" decoding=\"async\" src=\"https:\/\/www.libertebko.org\/wp-content\/uploads\/2021\/06\/prim.png\" alt=\"\" class=\"wp-image-1411\" width=\"752\" height=\"454\" srcset=\"https:\/\/www.libertebko.org\/wp-content\/uploads\/2021\/06\/prim.png 668w, https:\/\/www.libertebko.org\/wp-content\/uploads\/2021\/06\/prim-300x181.png 300w\" sizes=\"auto, (max-width: 752px) 100vw, 752px\" \/><\/figure><\/div>\n\n\n\n<p class=\"has-text-align-center\">\u00a0<strong>Le coll\u00e8ge de parents :<\/strong><\/p>\n\n\n\n<figure class=\"wp-block-table\"><table><tbody><tr><td>1<\/td><td>PONS SERGE<\/td><td><a href=\"mailto:sergepons@yahoo.com\">Contacter par courriel<\/a><\/td><\/tr><tr><td>2<\/td><td>CHAUVE SERGE<\/td><td><a href=\"mailto:serge.chauve@gmail.com\">Contacter par courriel<\/a><\/td><\/tr><tr><td>3<\/td><td>SYLLA OUMAR<\/td><td><a href=\"mailto:barousylla@yahoo.fr\">Contacter par courriel<\/a><\/td><\/tr><tr><td>4<\/td><td>COULIBALY FATIM HELENE<\/td><td><a href=\"mailto:traorefatimhelene@yaho.fr\">Contacter par courriel<\/a><\/td><\/tr><tr><td>5<\/td><td>ROBY BEATRICE<\/td><td><a href=\"mailto:beatrciceroby@hotmail.fr\">Contacter par courriel<\/a><\/td><\/tr><tr><td>6<\/td><td>DOUCOURE DEMBA<\/td><td><a href=\"mailto:goundodiagouraga@yahoo.fr\">Contacter par courriel<\/a><\/td><\/tr><tr><td>7<\/td><td>EL TURK PATRICIA<\/td><td><a href=\"mailto:patricia.turk@hotmail.com\">Contacter par courriel<\/a><\/td><\/tr><tr><td>8<\/td><td>ONGOIBA ADAMA<\/td><td><a href=\"mailto:arcencielmali@yahoo.fr\">Contacter par courriel<\/a><\/td><\/tr><tr><td>9<\/td><td>REGENT SABRINA<\/td><td><a href=\"mailto:sabrinaregent@gmail.com\">Contacter par courriel<\/a><\/td><\/tr><\/tbody><\/table><\/figure>\n\n\n\n<p class=\"has-text-align-center\"><strong>Le conseil du second degr\u00e9 :<\/strong><\/p>\n\n\n\n<p><strong>Composition :<\/strong><br>&#8211; 4 personnels administratifs,<br>&#8211; 4 personnels de l&rsquo;\u00e9tablissement,<br>&#8211; 2 repr\u00e9sentants des parents d&rsquo;\u00e9l\u00e8ves,<br>&#8211; 2 \u00e9l\u00e8ves : membres \u00e9lus.<br><br>Les membres du conseil du second degr\u00e9 sont membres du CE et sont choisis lors de la premi\u00e8re r\u00e9union du CE. Il pr\u00e9pare les travaux du CE.<br>Le CE \u00e9met un avis sur la carte des emplois, les structures p\u00e9dagogiques, le programme des diverses associations, les questions d&rsquo;hygi\u00e8ne et de s\u00e9curit\u00e9, &#8230;.<br>Le budget et le compte financier font l&rsquo;objet d&rsquo;une information par le Directeur Administratif et Financier (DAF) et le Proviseur.<br><br><\/p>\n\n\n\n<p class=\"has-text-align-center\"><strong>Le conseil p\u00e9dagogique :<\/strong><\/p>\n\n\n\n<p><strong>Composition :<\/strong><br>&#8211; Un professeur principal par niveau,<br>&#8211; un coordinateur par discipline,<br>&#8211; Le CPE.<br><br>Il a pour mission de favoriser la concertation entre les professeurs, notamment pour coordonner les enseignements, la notation et l&rsquo;\u00e9valuation des activit\u00e9s scolaires. Il pr\u00e9pare la partie p\u00e9dagogique du projet d&rsquo;\u00e9tablissement.<br><br><\/p>\n\n\n\n<p class=\"has-text-align-center\"><strong>Le conseil de la vie lyc\u00e9enne (CVL) :<\/strong><\/p>\n\n\n\n<p><strong>Composition :<\/strong><br>&#8211; 10 \u00e9l\u00e8ves \u00e9lus,<br>&#8211; 2 personnels,<br>&#8211; 2 repr\u00e9sentants des parents \u00e9lus.<br><br>Le r\u00f4le des d\u00e9l\u00e9gu\u00e9s de cette instance consultative est de donner un avis sur les questions relatives au travail scolaire, \u00e0 la vie mat\u00e9rielle, sociale, sportive et culturelle au lyc\u00e9e. Le CVL contribue \u00e9galement dans la formation des \u00e9l\u00e8ves d\u00e9l\u00e9gu\u00e9s.<br><br><\/p>\n\n\n\n<p class=\"has-text-align-center\"><strong>Le conseil de discipline :<\/strong><\/p>\n\n\n\n<p><strong>Composition :<\/strong><br>&#8211; 3 personnels administratifs,<br>&#8211; 5 personnels de l&rsquo;\u00e9tablissement,<br>&#8211; 2 repr\u00e9sentants des parents d&rsquo;\u00e9l\u00e8ves (issus du CE),<br>&#8211; 2 repr\u00e9sentants des parents d&rsquo;\u00e9l\u00e8ves (issus du CE),<br>&#8211; 3 \u00e9l\u00e8ves (issus du CE ou du CVL. A pr\u00e9voir autant de suppl\u00e9ants).<br><br>Le conseil de discipline est une instance interne \u00e0 l&rsquo;\u00e9tablissement, saisie par le chef d&rsquo;\u00e9tablissement lorsqu&rsquo;un \u00e9l\u00e8ve a transgress\u00e9 le r\u00e8glement int\u00e9rieur de l&rsquo;\u00e9tablissement, de fa\u00e7on grave. Il est \u00e9galement saisi si un \u00e9l\u00e8ve est accus\u00e9 de violences physiques envers un adulte, dans l&rsquo;\u00e9tablissement.<\/p>\n","protected":false},"excerpt":{"rendered":"<p>Liste des instances de l&rsquo;\u00e9tablissement. Vous pouvez cliquez sur l&rsquo;instance pour la consulter :&#8211; Le Conseil d&rsquo;\u00e9tablissement&#8211; Le Conseil d&rsquo;\u00e9cole&#8211; Le Conseil du second degr\u00e9&#8211; Le Conseil p\u00e9dagogique&#8211; Le Conseil de la vie lyc\u00e9enne&#8211; Le Conseil de discipline Le Conseil d&rsquo;\u00e9tablissement (CE) : Composition :&#8211; 6 personnels administratifs,&#8211; 6 personnels de l&rsquo;\u00e9tablissement,&#8211; 4 repr\u00e9sentants des [&hellip;]<\/p>\n","protected":false},"author":1,"featured_media":0,"parent":0,"menu_order":0,"comment_status":"closed","ping_status":"closed","template":"","meta":{"footnotes":""},"class_list":["post-95","page","type-page","status-publish","hentry"],"_links":{"self":[{"href":"https:\/\/www.libertebko.org\/index.php?rest_route=\/wp\/v2\/pages\/95","targetHints":{"allow":["GET"]}}],"collection":[{"href":"https:\/\/www.libertebko.org\/index.php?rest_route=\/wp\/v2\/pages"}],"about":[{"href":"https:\/\/www.libertebko.org\/index.php?rest_route=\/wp\/v2\/types\/page"}],"author":[{"embeddable":true,"href":"https:\/\/www.libertebko.org\/index.php?rest_route=\/wp\/v2\/users\/1"}],"replies":[{"embeddable":true,"href":"https:\/\/www.libertebko.org\/index.php?rest_route=%2Fwp%2Fv2%2Fcomments&post=95"}],"version-history":[{"count":4,"href":"https:\/\/www.libertebko.org\/index.php?rest_route=\/wp\/v2\/pages\/95\/revisions"}],"predecessor-version":[{"id":1414,"href":"https:\/\/www.libertebko.org\/index.php?rest_route=\/wp\/v2\/pages\/95\/revisions\/1414"}],"wp:attachment":[{"href":"https:\/\/www.libertebko.org\/index.php?rest_route=%2Fwp%2Fv2%2Fmedia&parent=95"}],"curies":[{"name":"wp","href":"https:\/\/api.w.org\/{rel}","templated":true}]}}