{"id":944,"date":"2021-05-31T11:02:04","date_gmt":"2021-05-31T09:02:04","guid":{"rendered":"https:\/\/www.libertebko.org\/?page_id=944"},"modified":"2025-10-25T18:31:33","modified_gmt":"2025-10-25T16:31:33","slug":"recrutements-2","status":"publish","type":"page","link":"https:\/\/www.libertebko.org\/?page_id=944","title":{"rendered":"Recrutements"},"content":{"rendered":"\n<p>Notre \u00e9tablissement offre des emplois. Ceux-ci peuvent \u00eatre de statut local ou de statut r\u00e9sident. Les offres attenantes ainsi que les proc\u00e9dures respectives \u00e0 suivre sont dans les pages d\u00e9di\u00e9es ci-dessous.<\/p>\n\n\n\n<div class=\"wp-block-columns is-layout-flex wp-container-core-columns-is-layout-9d6595d7 wp-block-columns-is-layout-flex\">\n<div class=\"wp-block-column is-layout-flow wp-block-column-is-layout-flow\">\n<div class=\"wp-block-buttons is-horizontal is-content-justification-center is-layout-flex wp-container-core-buttons-is-layout-499968f5 wp-block-buttons-is-layout-flex\">\n<div class=\"wp-block-button is-style-fill\"><a class=\"wp-block-button__link has-white-color has-black-background-color has-text-color has-background wp-element-button\" href=\"https:\/\/www.libertebko.org\/?page_id=946\" target=\"_blank\" rel=\"noreferrer noopener\">Recrutement de professeurs d\u00e9tach\u00e9s rentr\u00e9e 2026<\/a><\/div>\n<\/div>\n<\/div>\n\n\n\n<div class=\"wp-block-column is-layout-flow wp-block-column-is-layout-flow\">\n<div class=\"wp-block-buttons is-horizontal is-content-justification-center is-layout-flex wp-container-core-buttons-is-layout-499968f5 wp-block-buttons-is-layout-flex\">\n<div class=\"wp-block-button\"><a class=\"wp-block-button__link has-black-background-color has-background wp-element-button\" href=\"https:\/\/www.libertebko.org\/?page_id=951\" target=\"_blank\" rel=\"noreferrer noopener\">Postes d&rsquo;enseignants en contrat local \u00e0 pourvoir.<\/a><\/div>\n<\/div>\n<\/div>\n\n\n\n<div class=\"wp-block-column is-layout-flow wp-block-column-is-layout-flow\">\n<div class=\"wp-block-buttons is-horizontal is-content-justification-center is-layout-flex wp-container-core-buttons-is-layout-499968f5 wp-block-buttons-is-layout-flex\">\n<div class=\"wp-block-button\"><a class=\"wp-block-button__link has-black-background-color has-background wp-element-button\" href=\"https:\/\/www.libertebko.org\/?page_id=962\" target=\"_blank\" rel=\"noreferrer noopener\"> Postes non enseignants en contrat local \u00e0 pourvoir. <\/a><\/div>\n<\/div>\n<\/div>\n<\/div>\n\n\n\n<p><\/p>\n","protected":false},"excerpt":{"rendered":"<p>Notre \u00e9tablissement offre des emplois. Ceux-ci peuvent \u00eatre de statut local ou de statut r\u00e9sident. Les offres attenantes ainsi que les proc\u00e9dures respectives \u00e0 suivre sont dans les pages d\u00e9di\u00e9es ci-dessous.<\/p>\n","protected":false},"author":1,"featured_media":0,"parent":0,"menu_order":0,"comment_status":"closed","ping_status":"closed","template":"","meta":{"footnotes":""},"class_list":["post-944","page","type-page","status-publish","hentry"],"_links":{"self":[{"href":"https:\/\/www.libertebko.org\/index.php?rest_route=\/wp\/v2\/pages\/944","targetHints":{"allow":["GET"]}}],"collection":[{"href":"https:\/\/www.libertebko.org\/index.php?rest_route=\/wp\/v2\/pages"}],"about":[{"href":"https:\/\/www.libertebko.org\/index.php?rest_route=\/wp\/v2\/types\/page"}],"author":[{"embeddable":true,"href":"https:\/\/www.libertebko.org\/index.php?rest_route=\/wp\/v2\/users\/1"}],"replies":[{"embeddable":true,"href":"https:\/\/www.libertebko.org\/index.php?rest_route=%2Fwp%2Fv2%2Fcomments&post=944"}],"version-history":[{"count":15,"href":"https:\/\/www.libertebko.org\/index.php?rest_route=\/wp\/v2\/pages\/944\/revisions"}],"predecessor-version":[{"id":7303,"href":"https:\/\/www.libertebko.org\/index.php?rest_route=\/wp\/v2\/pages\/944\/revisions\/7303"}],"wp:attachment":[{"href":"https:\/\/www.libertebko.org\/index.php?rest_route=%2Fwp%2Fv2%2Fmedia&parent=944"}],"curies":[{"name":"wp","href":"https:\/\/api.w.org\/{rel}","templated":true}]}}