{"id":925,"date":"2021-05-30T21:27:21","date_gmt":"2021-05-30T19:27:21","guid":{"rendered":"https:\/\/www.libertebko.org\/?page_id=925"},"modified":"2022-01-07T15:41:34","modified_gmt":"2022-01-07T14:41:34","slug":"liste-des-membres-du-bureau-et-des-commissions-du-bureau-de-lapeel","status":"publish","type":"page","link":"https:\/\/www.libertebko.org\/?page_id=925","title":{"rendered":"Liste des membres du bureau et des commissions du bureau de l\u2019APEEL"},"content":{"rendered":"\n<p><em>Mise \u00e0 jour le 1er novembre 2019<\/em><\/p>\n\n\n\n<p class=\"has-text-align-center\">Vous trouverez en fin de page les derniers proc\u00e8s verbaux des assembl\u00e9es g\u00e9n\u00e9rales ordinaires (PV AGO).<\/p>\n\n\n\n<hr class=\"wp-block-separator\"\/>\n\n\n\n<h2 class=\"has-text-align-center wp-block-heading\">Liste des membres du bureau<\/h2>\n\n\n\n<div class=\"wp-block-buttons is-content-justification-center is-layout-flex wp-block-buttons-is-layout-flex\">\n<div class=\"wp-block-button\"><a class=\"wp-block-button__link\" href=\"https:\/\/www.libertebko.org\/wp-content\/uploads\/2022\/01\/Liste-Membres-du-bureau-APEEL-avec-fonction-2021-2022.pdf\">Cliquez ici pour t\u00e9l\u00e9charger la liste des membres du bureau.<\/a><\/div>\n<\/div>\n\n\n<a href=\"https:\/\/www.libertebko.org\/wp-content\/uploads\/2022\/01\/Liste-Membres-du-bureau-APEEL-avec-fonction-2021-2022.pdf\" class=\"pdfemb-viewer\" style=\"\" data-width=\"max\" data-height=\"max\" data-toolbar=\"top\" data-toolbar-fixed=\"off\">Liste-Membres-du-bureau-APEEL-avec-fonction-2021-2022<\/a>\n<p class=\"wp-block-pdfemb-pdf-embedder-viewer\"><\/p>\n\n\n\n<hr class=\"wp-block-separator\"\/>\n\n\n\n<h2 class=\"has-text-align-center wp-block-heading\"><strong>Liste des commissions du bureau de l&rsquo; APEEL<\/strong><\/h2>\n\n\n\n<div class=\"wp-block-buttons is-content-justification-center is-layout-flex wp-block-buttons-is-layout-flex\">\n<div class=\"wp-block-button\"><a class=\"wp-block-button__link\" href=\"https:\/\/www.libertebko.org\/wp-content\/uploads\/2022\/01\/Liste-Membres-du-bureau-APEEL-avec-fonction-2021-2022.pdf\">Cliquez ici pour t\u00e9l\u00e9charger la liste des commissions du bureau de l&rsquo; APEEL<\/a><\/div>\n<\/div>\n\n\n<a href=\"https:\/\/www.libertebko.org\/wp-content\/uploads\/2022\/01\/liste-des-COMMISSIONS-2021-2022.pdf\" class=\"pdfemb-viewer\" style=\"\" data-width=\"max\" data-height=\"max\" data-toolbar=\"top\" data-toolbar-fixed=\"off\">liste-des-COMMISSIONS-2021-2022<\/a>\n<p class=\"wp-block-pdfemb-pdf-embedder-viewer\"><\/p>\n\n\n\n<hr class=\"wp-block-separator\"\/>\n\n\n\n<h2 class=\"has-text-align-center wp-block-heading\"><strong>Proc\u00e8s verbaux<\/strong><\/h2>\n\n\n\n<div class=\"wp-block-buttons is-content-justification-center is-layout-flex wp-block-buttons-is-layout-flex\">\n<div class=\"wp-block-button\"><a class=\"wp-block-button__link\" href=\"https:\/\/www.libertebko.org\/wp-content\/uploads\/2022\/01\/PV-Elections-des-membres-du-bureau-APEEL-2021-2022.pdf\" target=\"_blank\" rel=\"noreferrer noopener\">AGO du 04 d\u00e9cembre 2021<\/a><\/div>\n<\/div>\n\n\n\n<div class=\"wp-block-buttons is-content-justification-center is-layout-flex wp-block-buttons-is-layout-flex\">\n<div class=\"wp-block-button\"><a class=\"wp-block-button__link\" href=\"https:\/\/www.libertebko.org\/wp-content\/uploads\/2022\/01\/PV-VOTE-BUDGET-2022-APEEL-AGO-04-12-2021.pdf\" target=\"_blank\" rel=\"noreferrer noopener\">Vote du budget 2022<\/a><\/div>\n<\/div>\n\n\n\n<p><\/p>\n","protected":false},"excerpt":{"rendered":"<p>Mise \u00e0 jour le 1er novembre 2019 Vous trouverez en fin de page les derniers proc\u00e8s verbaux des assembl\u00e9es g\u00e9n\u00e9rales ordinaires (PV AGO). Liste des membres du bureau Liste des commissions du bureau de l&rsquo; APEEL Proc\u00e8s verbaux<\/p>\n","protected":false},"author":1,"featured_media":0,"parent":0,"menu_order":0,"comment_status":"closed","ping_status":"closed","template":"","meta":{"footnotes":""},"class_list":["post-925","page","type-page","status-publish","hentry"],"_links":{"self":[{"href":"https:\/\/www.libertebko.org\/index.php?rest_route=\/wp\/v2\/pages\/925","targetHints":{"allow":["GET"]}}],"collection":[{"href":"https:\/\/www.libertebko.org\/index.php?rest_route=\/wp\/v2\/pages"}],"about":[{"href":"https:\/\/www.libertebko.org\/index.php?rest_route=\/wp\/v2\/types\/page"}],"author":[{"embeddable":true,"href":"https:\/\/www.libertebko.org\/index.php?rest_route=\/wp\/v2\/users\/1"}],"replies":[{"embeddable":true,"href":"https:\/\/www.libertebko.org\/index.php?rest_route=%2Fwp%2Fv2%2Fcomments&post=925"}],"version-history":[{"count":17,"href":"https:\/\/www.libertebko.org\/index.php?rest_route=\/wp\/v2\/pages\/925\/revisions"}],"predecessor-version":[{"id":2823,"href":"https:\/\/www.libertebko.org\/index.php?rest_route=\/wp\/v2\/pages\/925\/revisions\/2823"}],"wp:attachment":[{"href":"https:\/\/www.libertebko.org\/index.php?rest_route=%2Fwp%2Fv2%2Fmedia&parent=925"}],"curies":[{"name":"wp","href":"https:\/\/api.w.org\/{rel}","templated":true}]}}