{"id":87,"date":"2021-05-01T18:40:07","date_gmt":"2021-05-01T16:40:07","guid":{"rendered":"https:\/\/www.libertebko.org\/?page_id=87"},"modified":"2021-06-01T23:26:36","modified_gmt":"2021-06-01T21:26:36","slug":"orientation-2","status":"publish","type":"page","link":"https:\/\/www.libertebko.org\/?page_id=87","title":{"rendered":"Orientation"},"content":{"rendered":"\n<p class=\"has-text-align-center\"><strong><span class=\"has-inline-color has-vivid-purple-color\">Les missions du service orientation :<\/span><\/strong><\/p>\n\n\n\n<p>L\u2019Etablissement Libert\u00e9 accompagne, tout au long de leur scolarit\u00e9, les \u00e9l\u00e8ves dans la construction d\u2019un projet personnel et professionnel.<br><br>Quels que soient les questions ou les demandes d\u2019informations sur les choix d\u2019orientation, de nombreuses personnes ressources sont disponibles<\/p>\n\n\n\n<hr class=\"wp-block-separator\"\/>\n\n\n\n<div class=\"wp-block-media-text alignwide is-stacked-on-mobile\" style=\"grid-template-columns:18% auto\"><figure class=\"wp-block-media-text__media\"><a href=\"https:\/\/www.libertebko.org\/?page_id=422\"><img decoding=\"async\" src=\"https:\/\/www.libertebko.org\/wp-content\/uploads\/2021\/05\/LOGO-rencontres-litteraire.png\" alt=\"\" class=\"wp-image-1001 size-thumbnail\"\/><\/a><\/figure><div class=\"wp-block-media-text__content\">\n<p>Les personnes ressources :<\/p>\n\n\n\n<p>L&rsquo;\u00e9tablissement Libert\u00e9, comme tous les \u00e9tablissements fran\u00e7ais, dispose de personnes pouvant vous assister \u00e0 vous d\u00e9finir dans votre d\u00e9termination future. Trouvez la liste de ces personnes ici.<\/p>\n<\/div><\/div>\n\n\n\n<hr class=\"wp-block-separator\"\/>\n\n\n\n<div class=\"wp-block-media-text alignwide is-stacked-on-mobile\" style=\"grid-template-columns:18% auto\"><figure class=\"wp-block-media-text__media\"><a href=\"https:\/\/www.libertebko.org\/?page_id=421\"><img loading=\"lazy\" decoding=\"async\" width=\"150\" height=\"150\" src=\"https:\/\/www.libertebko.org\/wp-content\/uploads\/2021\/06\/4-e1622582539605.png\" alt=\"\" class=\"wp-image-1369 size-thumbnail\"\/><\/a><\/figure><div class=\"wp-block-media-text__content\">\n<p>L&rsquo;orientation POST-Troisi\u00e8me :<\/p>\n\n\n\n<p>Consultez ici les possibilit\u00e9s d&rsquo;orientation qui s&rsquo;offrent \u00e0 vous apr\u00e8s la Troisi\u00e8me.<\/p>\n<\/div><\/div>\n\n\n\n<hr class=\"wp-block-separator\"\/>\n\n\n\n<div class=\"wp-block-media-text alignwide is-stacked-on-mobile\" style=\"grid-template-columns:18% auto\"><figure class=\"wp-block-media-text__media\"><a href=\"https:\/\/www.libertebko.org\/?page_id=420\"><img loading=\"lazy\" decoding=\"async\" width=\"150\" height=\"150\" src=\"https:\/\/www.libertebko.org\/wp-content\/uploads\/2021\/06\/5-e1622582558165.png\" alt=\"\" class=\"wp-image-1370 size-thumbnail\"\/><\/a><\/figure><div class=\"wp-block-media-text__content\">\n<p>L&rsquo;orientation POST-Seconde :<\/p>\n\n\n\n<p>Consultez ici les possibilit\u00e9s d&rsquo;orientation qui s&rsquo;offrent \u00e0 vous apr\u00e8s la Seconde.<\/p>\n<\/div><\/div>\n\n\n\n<hr class=\"wp-block-separator\"\/>\n\n\n\n<div class=\"wp-block-media-text alignwide is-stacked-on-mobile\" style=\"grid-template-columns:18% auto\"><figure class=\"wp-block-media-text__media\"><a href=\"https:\/\/www.libertebko.org\/?page_id=434\"><img loading=\"lazy\" decoding=\"async\" width=\"150\" height=\"150\" src=\"https:\/\/www.libertebko.org\/wp-content\/uploads\/2021\/06\/6-1-e1622582569697.png\" alt=\"\" class=\"wp-image-1371 size-thumbnail\"\/><\/a><\/figure><div class=\"wp-block-media-text__content\">\n<p>L&rsquo;orientation POST-Premi\u00e8re :<\/p>\n\n\n\n<p><a href=\"https:\/\/www.libertebko.org\/?page_id=434\" data-type=\"URL\" data-id=\"https:\/\/www.libertebko.org\/?page_id=434\">Consultez ici les possibilit\u00e9s d&rsquo;orientation qui s&rsquo;offrent \u00e0 vous apr\u00e8s la Premi\u00e8re.<\/a><\/p>\n<\/div><\/div>\n\n\n\n<hr class=\"wp-block-separator\"\/>\n\n\n\n<div class=\"wp-block-media-text alignwide is-stacked-on-mobile\" style=\"grid-template-columns:18% auto\"><figure class=\"wp-block-media-text__media\"><a href=\"https:\/\/www.libertebko.org\/?page_id=435\"><img loading=\"lazy\" decoding=\"async\" width=\"150\" height=\"150\" src=\"https:\/\/www.libertebko.org\/wp-content\/uploads\/2021\/06\/7-e1622581179870.png\" alt=\"\" class=\"wp-image-1348 size-thumbnail\"\/><\/a><\/figure><div class=\"wp-block-media-text__content\">\n<p>L&rsquo;orientation POST-Baccalaur\u00e9at :<\/p>\n\n\n\n<p><a href=\"https:\/\/www.libertebko.org\/?page_id=435\" data-type=\"URL\" data-id=\"https:\/\/www.libertebko.org\/?page_id=435\">Consultez ici les possibilit\u00e9s d&rsquo;orientation qui s&rsquo;offrent \u00e0 vous apr\u00e8s la Terminale.<\/a><\/p>\n<\/div><\/div>\n\n\n\n<p><\/p>\n","protected":false},"excerpt":{"rendered":"<p>Les missions du service orientation : L\u2019Etablissement Libert\u00e9 accompagne, tout au long de leur scolarit\u00e9, les \u00e9l\u00e8ves dans la construction d\u2019un projet personnel et professionnel. Quels que soient les questions ou les demandes d\u2019informations sur les choix d\u2019orientation, de nombreuses personnes ressources sont disponibles Les personnes ressources : L&rsquo;\u00e9tablissement Libert\u00e9, comme tous les \u00e9tablissements fran\u00e7ais, [&hellip;]<\/p>\n","protected":false},"author":1,"featured_media":0,"parent":0,"menu_order":0,"comment_status":"closed","ping_status":"closed","template":"","meta":{"footnotes":""},"class_list":["post-87","page","type-page","status-publish","hentry"],"_links":{"self":[{"href":"https:\/\/www.libertebko.org\/index.php?rest_route=\/wp\/v2\/pages\/87","targetHints":{"allow":["GET"]}}],"collection":[{"href":"https:\/\/www.libertebko.org\/index.php?rest_route=\/wp\/v2\/pages"}],"about":[{"href":"https:\/\/www.libertebko.org\/index.php?rest_route=\/wp\/v2\/types\/page"}],"author":[{"embeddable":true,"href":"https:\/\/www.libertebko.org\/index.php?rest_route=\/wp\/v2\/users\/1"}],"replies":[{"embeddable":true,"href":"https:\/\/www.libertebko.org\/index.php?rest_route=%2Fwp%2Fv2%2Fcomments&post=87"}],"version-history":[{"count":16,"href":"https:\/\/www.libertebko.org\/index.php?rest_route=\/wp\/v2\/pages\/87\/revisions"}],"predecessor-version":[{"id":1375,"href":"https:\/\/www.libertebko.org\/index.php?rest_route=\/wp\/v2\/pages\/87\/revisions\/1375"}],"wp:attachment":[{"href":"https:\/\/www.libertebko.org\/index.php?rest_route=%2Fwp%2Fv2%2Fmedia&parent=87"}],"curies":[{"name":"wp","href":"https:\/\/api.w.org\/{rel}","templated":true}]}}