{"id":662,"date":"2021-05-17T22:16:40","date_gmt":"2021-05-17T20:16:40","guid":{"rendered":"https:\/\/www.libertebko.org\/?page_id=662"},"modified":"2021-06-20T03:34:23","modified_gmt":"2021-06-20T01:34:23","slug":"reseaux-sociaux","status":"publish","type":"page","link":"https:\/\/www.libertebko.org\/?page_id=662","title":{"rendered":"R\u00e9seaux sociaux"},"content":{"rendered":"\n<p class=\"has-text-align-center\"><strong>Suivez nous sur les r\u00e9seaux sociaux pour connaitre toutes nos actualit\u00e9s et activit\u00e9s !<\/strong><\/p>\n\n\n\n<div class=\"wp-block-columns is-layout-flex wp-container-core-columns-is-layout-9d6595d7 wp-block-columns-is-layout-flex\">\n<div class=\"wp-block-column is-layout-flow wp-block-column-is-layout-flow\">\n<div class=\"wp-block-image\"><figure class=\"aligncenter size-large is-resized\"><a href=\"https:\/\/www.facebook.com\/LiberteBamakoAEFE\"><img loading=\"lazy\" decoding=\"async\" src=\"https:\/\/www.libertebko.org\/wp-content\/uploads\/2021\/06\/LOGO-facebook-1-e1623162600718.png\" alt=\"\" class=\"wp-image-1772\" width=\"258\" height=\"257\"\/><\/a><\/figure><\/div>\n<\/div>\n\n\n\n<div class=\"wp-block-column is-layout-flow wp-block-column-is-layout-flow\">\n<div class=\"wp-block-image\"><figure class=\"aligncenter size-large is-resized\"><a href=\"https:\/\/www.instagram.com\/liberte_bko\/?hl=fr\"><img loading=\"lazy\" decoding=\"async\" src=\"https:\/\/www.libertebko.org\/wp-content\/uploads\/2021\/06\/LOGO-instagram-1.png\" alt=\"\" class=\"wp-image-2064\" width=\"256\" height=\"253\"\/><\/a><\/figure><\/div>\n\n\n\n<p><\/p>\n<\/div>\n<\/div>\n\n\n\n<p><\/p>\n","protected":false},"excerpt":{"rendered":"<p>Suivez nous sur les r\u00e9seaux sociaux pour connaitre toutes nos actualit\u00e9s et activit\u00e9s !<\/p>\n","protected":false},"author":1,"featured_media":0,"parent":0,"menu_order":0,"comment_status":"closed","ping_status":"closed","template":"","meta":{"footnotes":""},"class_list":["post-662","page","type-page","status-publish","hentry"],"_links":{"self":[{"href":"https:\/\/www.libertebko.org\/index.php?rest_route=\/wp\/v2\/pages\/662","targetHints":{"allow":["GET"]}}],"collection":[{"href":"https:\/\/www.libertebko.org\/index.php?rest_route=\/wp\/v2\/pages"}],"about":[{"href":"https:\/\/www.libertebko.org\/index.php?rest_route=\/wp\/v2\/types\/page"}],"author":[{"embeddable":true,"href":"https:\/\/www.libertebko.org\/index.php?rest_route=\/wp\/v2\/users\/1"}],"replies":[{"embeddable":true,"href":"https:\/\/www.libertebko.org\/index.php?rest_route=%2Fwp%2Fv2%2Fcomments&post=662"}],"version-history":[{"count":7,"href":"https:\/\/www.libertebko.org\/index.php?rest_route=\/wp\/v2\/pages\/662\/revisions"}],"predecessor-version":[{"id":2070,"href":"https:\/\/www.libertebko.org\/index.php?rest_route=\/wp\/v2\/pages\/662\/revisions\/2070"}],"wp:attachment":[{"href":"https:\/\/www.libertebko.org\/index.php?rest_route=%2Fwp%2Fv2%2Fmedia&parent=662"}],"curies":[{"name":"wp","href":"https:\/\/api.w.org\/{rel}","templated":true}]}}