{"id":6044,"date":"2024-04-25T14:23:23","date_gmt":"2024-04-25T12:23:23","guid":{"rendered":"https:\/\/www.libertebko.org\/?page_id=6044"},"modified":"2026-04-10T12:28:27","modified_gmt":"2026-04-10T10:28:27","slug":"pre-inscriptions-et-inscriptions-pour-le-secondaire","status":"publish","type":"page","link":"https:\/\/www.libertebko.org\/?page_id=6044","title":{"rendered":"Inscriptions et r\u00e9inscriptions"},"content":{"rendered":"\n<p class=\"has-luminous-vivid-amber-background-color has-background has-medium-font-size\">La campagne 2026-2027 de r\u00e9inscription et d\u2019inscription sera ouverte d\u00e8s le VENDREDI 10 avril 2026.<br>Comme l\u2019ann\u00e9e derni\u00e8re, vous avez \u00e0 votre disposition l\u2019application libertebko.eduka.school maintenant utilis\u00e9e par de tr\u00e8s nombreux \u00e9tablissements du r\u00e9seau AEFE sur les cinq continents.<br><br>Vous avez \u00e9galement la possibilit\u00e9 de t\u00e9l\u00e9charger EDUKA qui est disponible aussi sur votre smartphone (EDUKA Mobile). Cela pourra simplifier les \u00e9changes comptables et financiers avec l\u2019\u00e9tablissement gr\u00e2ce \u00e0 votre Portail Parent qui rassemblera vos factures et re\u00e7us.<\/p>\n\n\n\n<div style=\"height:57px\" aria-hidden=\"true\" class=\"wp-block-spacer\"><\/div>\n\n\n\n<div class=\"wp-block-columns alignwide is-layout-flex wp-container-core-columns-is-layout-829b1d53 wp-block-columns-is-layout-flex\" style=\"margin-bottom:0\">\n<div class=\"wp-block-column has-text-color has-background has-link-color wp-elements-d773f32a5b11fdfa5fce5e374068c179 is-layout-flow wp-block-column-is-layout-flow\" style=\"color:#000000;background-color:#ffe97d;padding-top:2em;padding-right:2em;padding-bottom:2em;padding-left:2em\">\n<h3 class=\"has-text-align-center wp-block-heading\" id=\"single\" style=\"font-size:30px\">Pour les nouvelles inscriptions <\/h3>\n\n\n\n<p class=\"has-text-align-center has-medium-font-size\" style=\"line-height:1.5\">Concerne les \u00e9l\u00e8ves JAMAIS inscrits dans l&rsquo;\u00e9tablissement<\/p>\n\n\n\n<hr class=\"wp-block-separator has-text-color has-css-opacity has-background is-style-wide\" style=\"background-color:#000000;color:#000000\"\/>\n\n\n\n<p>Proc\u00e9der \u00e0 l&rsquo;inscription sur le portail EDUKA en cliquant ci-dessous<strong>: <\/strong><\/p>\n\n\n\n<ul class=\"wp-block-list\">\n<li><strong>Cliquez sur cr\u00e9er un compte<\/strong><\/li>\n<\/ul>\n\n\n\n<div style=\"height:59px\" aria-hidden=\"true\" class=\"wp-block-spacer\"><\/div>\n\n\n\n<div class=\"wp-block-buttons is-layout-flex wp-block-buttons-is-layout-flex\">\n<div class=\"wp-block-button has-custom-width wp-block-button__width-100 has-custom-font-size has-medium-font-size\"><a class=\"wp-block-button__link has-white-color has-vivid-cyan-blue-background-color has-text-color has-background wp-element-button\" href=\"https:\/\/libertebko.eduka.school\/login\" target=\"_blank\" rel=\"noreferrer noopener\">EDUKA<\/a><\/div>\n<\/div>\n<\/div>\n\n\n\n<div class=\"wp-block-column has-luminous-vivid-orange-background-color has-text-color has-background has-link-color wp-elements-96c333a666a63f0f8a51819b7dcdc1c9 is-layout-flow wp-block-column-is-layout-flow\" style=\"color:#000000;padding-top:2em;padding-right:2em;padding-bottom:2em;padding-left:2em\">\n<h3 class=\"has-text-align-center wp-block-heading\" id=\"family\" style=\"font-size:30px\"><strong>Pour les r\u00e9inscription<\/strong>s<\/h3>\n\n\n\n<div style=\"height:9px\" aria-hidden=\"true\" class=\"wp-block-spacer\"><\/div>\n\n\n\n<p class=\"has-text-align-center has-medium-font-size\" style=\"line-height:1.5\">Concerne les \u00e9l\u00e8ves d\u00e9j\u00e0 inscrits dans l&rsquo;\u00e9tablissement <\/p>\n\n\n\n<div style=\"height:0px\" aria-hidden=\"true\" class=\"wp-block-spacer\"><\/div>\n\n\n\n<hr class=\"wp-block-separator has-css-opacity is-style-wide\"\/>\n\n\n\n<p>Proc\u00e9der \u00e0 la r\u00e9inscriptions sur le portail EDUKA en cliquant ci-dessous: <\/p>\n\n\n\n<p class=\"has-text-align-center\"><strong>Attention : Cliquez sur \u00ab\u00a0mot de passe oubli\u00e9\u00a0\u00bb pour recevoir sur votre boite mail personnel le lien vous permettant de personnaliser votre mot de passe<\/strong><\/p>\n\n\n\n<div class=\"wp-block-buttons is-content-justification-center is-layout-flex wp-container-core-buttons-is-layout-16018d1d wp-block-buttons-is-layout-flex\">\n<div class=\"wp-block-button aligncenter has-custom-width wp-block-button__width-100 has-custom-font-size has-medium-font-size\"><a class=\"wp-block-button__link has-white-color has-vivid-cyan-blue-background-color has-text-color has-background wp-element-button\" href=\"https:\/\/libertebko.eduka.school\" target=\"_blank\" rel=\"noreferrer noopener\">EDUKA<\/a><\/div>\n<\/div>\n\n\n\n<div style=\"height:8px\" aria-hidden=\"true\" class=\"wp-block-spacer\"><\/div>\n<\/div>\n<\/div>\n\n\n\n<p class=\"has-white-color has-black-background-color has-text-color has-background\">Besoin d&rsquo;aide? Retrouvez le tutoriel EDUKA en cliquant ci-dessous:  <\/p>\n\n\n\n<p>A compter du lundi 13 AVRIL, les parents rencontrant des difficult\u00e9s pourront se rendre \u00e0 l\u2019accueil ainsi qu\u2019\u00e0 l\u2019administration du primaire et du secondaire o\u00f9 un ordinateur sera mis \u00e0 leur disposition avec les conseils n\u00e9cessaires.<\/p>\n\n\n\n<div class=\"wp-block-buttons is-content-justification-center is-layout-flex wp-container-core-buttons-is-layout-16018d1d wp-block-buttons-is-layout-flex\">\n<div class=\"wp-block-button has-custom-width wp-block-button__width-50\"><a class=\"wp-block-button__link has-vivid-cyan-blue-background-color has-background has-large-font-size has-custom-font-size wp-element-button\" href=\"https:\/\/www.libertebko.org\/wp-content\/uploads\/2024\/04\/TEMPLATE-EDUKA-Tutoriel-Acces-Portail-Parents.pdf\" target=\"_blank\" rel=\"noreferrer noopener\">TUTORIEL EDUKA <\/a><\/div>\n<\/div>\n\n\n\n<div style=\"height:52px\" aria-hidden=\"true\" class=\"wp-block-spacer\"><\/div>\n\n\n<div class=\"wp-block-image\">\n<figure class=\"aligncenter size-full is-resized\"><img loading=\"lazy\" decoding=\"async\" width=\"225\" height=\"225\" src=\"https:\/\/www.libertebko.org\/wp-content\/uploads\/2024\/04\/images-1.png\" alt=\"\" class=\"wp-image-6045\" style=\"width:180px;height:180px\" srcset=\"https:\/\/www.libertebko.org\/wp-content\/uploads\/2024\/04\/images-1.png 225w, https:\/\/www.libertebko.org\/wp-content\/uploads\/2024\/04\/images-1-150x150.png 150w\" sizes=\"auto, (max-width: 225px) 100vw, 225px\" \/><\/figure><\/div>","protected":false},"excerpt":{"rendered":"<p>La campagne 2026-2027 de r\u00e9inscription et d\u2019inscription sera ouverte d\u00e8s le VENDREDI 10 avril 2026.Comme l\u2019ann\u00e9e derni\u00e8re, vous avez \u00e0 votre disposition l\u2019application libertebko.eduka.school maintenant utilis\u00e9e par de tr\u00e8s nombreux \u00e9tablissements du r\u00e9seau AEFE sur les cinq continents. Vous avez \u00e9galement la possibilit\u00e9 de t\u00e9l\u00e9charger EDUKA qui est disponible aussi sur votre smartphone (EDUKA Mobile). [&hellip;]<\/p>\n","protected":false},"author":3,"featured_media":0,"parent":1006,"menu_order":0,"comment_status":"closed","ping_status":"closed","template":"","meta":{"footnotes":""},"class_list":["post-6044","page","type-page","status-publish","hentry"],"_links":{"self":[{"href":"https:\/\/www.libertebko.org\/index.php?rest_route=\/wp\/v2\/pages\/6044","targetHints":{"allow":["GET"]}}],"collection":[{"href":"https:\/\/www.libertebko.org\/index.php?rest_route=\/wp\/v2\/pages"}],"about":[{"href":"https:\/\/www.libertebko.org\/index.php?rest_route=\/wp\/v2\/types\/page"}],"author":[{"embeddable":true,"href":"https:\/\/www.libertebko.org\/index.php?rest_route=\/wp\/v2\/users\/3"}],"replies":[{"embeddable":true,"href":"https:\/\/www.libertebko.org\/index.php?rest_route=%2Fwp%2Fv2%2Fcomments&post=6044"}],"version-history":[{"count":9,"href":"https:\/\/www.libertebko.org\/index.php?rest_route=\/wp\/v2\/pages\/6044\/revisions"}],"predecessor-version":[{"id":7404,"href":"https:\/\/www.libertebko.org\/index.php?rest_route=\/wp\/v2\/pages\/6044\/revisions\/7404"}],"up":[{"embeddable":true,"href":"https:\/\/www.libertebko.org\/index.php?rest_route=\/wp\/v2\/pages\/1006"}],"wp:attachment":[{"href":"https:\/\/www.libertebko.org\/index.php?rest_route=%2Fwp%2Fv2%2Fmedia&parent=6044"}],"curies":[{"name":"wp","href":"https:\/\/api.w.org\/{rel}","templated":true}]}}