{"id":5392,"date":"2023-09-19T18:39:23","date_gmt":"2023-09-19T16:39:23","guid":{"rendered":"https:\/\/www.libertebko.org\/?page_id=5392"},"modified":"2025-06-01T19:00:15","modified_gmt":"2025-06-01T17:00:15","slug":"periscolaire-en-ecole-primaire","status":"publish","type":"page","link":"https:\/\/www.libertebko.org\/?page_id=5392","title":{"rendered":"P\u00e9riscolaire (\u00e9cole primaire)"},"content":{"rendered":"\n<p>Les activit\u00e9s p\u00e9riscolaires commenceront <strong>le lundi 30 septembre<\/strong>.<\/p>\n\n\n\n<hr class=\"wp-block-separator has-alpha-channel-opacity\"\/>\n\n\n\n<p class=\"has-text-align-center\">Elles vous seront propos\u00e9es soit de 14h \u00e0 15h soit de 14h \u00e0 16h <\/p>\n\n\n\n<p class=\"has-text-align-center\">du lundi au vendredi selon les choix de vos enfants. <\/p>\n\n\n\n<hr class=\"wp-block-separator has-alpha-channel-opacity\"\/>\n\n\n\n<p>Prendre une activit\u00e9 de 15h \u00e0 16h n&rsquo;est pas possible car il n&rsquo;y a pas de service de garderie de 14h \u00e0 15h. <\/p>\n\n\n\n<p>Une activit\u00e9 choisie pour 10 s\u00e9ances dans le trimestre co\u00fbtera 40 000 fcfa (repas inclus).<\/p>\n\n\n\n<p>17 activit\u00e9s seront anim\u00e9es par des intervenants et des enseignants en <strong>fran\u00e7ais<\/strong> mais aussi en <strong>anglais<\/strong> et <strong>bambara.<\/strong><\/p>\n\n\n\n<p>Les enfants qui auront choisi une activit\u00e9 p\u00e9riscolaire mangeront un repas \u00e9quilibr\u00e9, \u00e0 la cantine, propos\u00e9 par Servair. Les enfants seront encadr\u00e9s par des surveillants et Mme SAKO. <\/p>\n\n\n\n<p><\/p>\n\n\n\n<p>Pour vous inscrire? <\/p>\n\n\n\n<p>Un formulaire d&rsquo;inscription a \u00e9t\u00e9 distribu\u00e9 \u00e0 votre enfant. <\/p>\n\n\n\n<p><\/p>\n\n\n\n<h2 class=\"has-text-align-center wp-block-heading\"><strong>Voici le menu des d\u00e9jeuners du m<\/strong>ois : <\/h2>\n\n\n<a href=\"https:\/\/www.libertebko.org\/wp-content\/uploads\/2025\/06\/MENUS-DEJEUNER-JUNIORS-JUIN-2025.pdf\" class=\"pdfemb-viewer\" style=\"\" data-width=\"max\" data-height=\"max\" data-toolbar=\"top\" data-toolbar-fixed=\"off\">MENUS-DEJEUNER-JUNIORS-JUIN-2025<\/a>","protected":false},"excerpt":{"rendered":"<p>Les activit\u00e9s p\u00e9riscolaires commenceront le lundi 30 septembre. Elles vous seront propos\u00e9es soit de 14h \u00e0 15h soit de 14h \u00e0 16h du lundi au vendredi selon les choix de vos enfants. Prendre une activit\u00e9 de 15h \u00e0 16h n&rsquo;est pas possible car il n&rsquo;y a pas de service de garderie de 14h \u00e0 15h. [&hellip;]<\/p>\n","protected":false},"author":3,"featured_media":0,"parent":0,"menu_order":0,"comment_status":"closed","ping_status":"closed","template":"","meta":{"footnotes":""},"class_list":["post-5392","page","type-page","status-publish","hentry"],"_links":{"self":[{"href":"https:\/\/www.libertebko.org\/index.php?rest_route=\/wp\/v2\/pages\/5392","targetHints":{"allow":["GET"]}}],"collection":[{"href":"https:\/\/www.libertebko.org\/index.php?rest_route=\/wp\/v2\/pages"}],"about":[{"href":"https:\/\/www.libertebko.org\/index.php?rest_route=\/wp\/v2\/types\/page"}],"author":[{"embeddable":true,"href":"https:\/\/www.libertebko.org\/index.php?rest_route=\/wp\/v2\/users\/3"}],"replies":[{"embeddable":true,"href":"https:\/\/www.libertebko.org\/index.php?rest_route=%2Fwp%2Fv2%2Fcomments&post=5392"}],"version-history":[{"count":22,"href":"https:\/\/www.libertebko.org\/index.php?rest_route=\/wp\/v2\/pages\/5392\/revisions"}],"predecessor-version":[{"id":7175,"href":"https:\/\/www.libertebko.org\/index.php?rest_route=\/wp\/v2\/pages\/5392\/revisions\/7175"}],"wp:attachment":[{"href":"https:\/\/www.libertebko.org\/index.php?rest_route=%2Fwp%2Fv2%2Fmedia&parent=5392"}],"curies":[{"name":"wp","href":"https:\/\/api.w.org\/{rel}","templated":true}]}}