{"id":422,"date":"2021-05-11T01:27:46","date_gmt":"2021-05-10T23:27:46","guid":{"rendered":"https:\/\/www.libertebko.org\/?page_id=422"},"modified":"2024-04-02T14:08:37","modified_gmt":"2024-04-02T12:08:37","slug":"les-personnes-ressources","status":"publish","type":"page","link":"https:\/\/www.libertebko.org\/?page_id=422","title":{"rendered":"LES PERSONNES RESSOURCES"},"content":{"rendered":"<div class=\"wp-block-image\">\n<figure class=\"aligncenter size-full\"><img loading=\"lazy\" decoding=\"async\" width=\"299\" height=\"168\" src=\"https:\/\/www.libertebko.org\/wp-content\/uploads\/2024\/04\/telechargement.jpg\" alt=\"\" class=\"wp-image-5849\"\/><\/figure><\/div>\n\n\n<p class=\"has-text-align-center has-pale-cyan-blue-background-color has-background has-medium-font-size\"><strong>Le professeur principal<\/strong><\/p>\n\n\n\n<p>Il peut&nbsp;<strong>conseiller l\u2019\u00e9l\u00e8ve<\/strong>,&nbsp;<strong>recevoir les parents<\/strong>&nbsp;ou&nbsp;<strong>demander \u00e0 les rencontrer pour les guider<\/strong>&nbsp;au mieux. La prise de rendez-vous par les familles s\u2019effectue par le biais des pages d\u00e9di\u00e9es dans le carnet de liaison.<\/p>\n\n\n\n<p class=\"has-text-align-center has-pale-cyan-blue-background-color has-background has-medium-font-size\"><strong>Les Conseillers Principaux d\u2019Education (CPE)<\/strong><\/p>\n\n\n\n<p>Toujours \u00e0 l\u2019\u00e9coute et soucieux de&nbsp;<strong>la r\u00e9ussite des \u00e9l\u00e8ves<\/strong>, les CPE peuvent&nbsp;<strong>conseiller<\/strong>&nbsp;et&nbsp;<strong>expliquer les proc\u00e9dures d\u2019orientation,<\/strong>&nbsp;les possibilit\u00e9s offertes en termes de&nbsp;<strong>poursuites d\u2019\u00e9tudes<\/strong>&nbsp;et les&nbsp;<strong>d\u00e9marches \u00e0 effectuer<\/strong>&nbsp;en fonction des&nbsp;<strong>calendriers de l\u2019orientation<\/strong>.<\/p>\n\n\n\n<p class=\"has-text-align-center has-pale-cyan-blue-background-color has-background has-medium-font-size\"><strong>Personnels de direction<\/strong><\/p>\n\n\n\n<p>Le personnel de direction est responsable et pilote de la mise en \u0153uvre du programme d&rsquo;information et d&rsquo;orientation de l&rsquo;\u00e9tablissement. Il facilite \u00e9galement le dialogue entre les familles, les \u00e9l\u00e8ves et l&rsquo;\u00e9quipe \u00e9ducative. Il pr\u00e9side trimestriellement le conseil de classe et arr\u00eate les d\u00e9cisions d&rsquo;orientation. Il a enfin la charge de recevoir les familles et les jeunes en cas de d\u00e9saccord entre les demandes d&rsquo;orientation et les propositions du conseil de classe.<br><\/p>\n\n\n\n<p class=\"has-text-align-center has-pale-cyan-blue-background-color has-background has-medium-font-size\"><strong>Le professeur documentaliste<\/strong><\/p>\n\n\n\n<p>L\u2019acc\u00e8s au CDI est libre mais les \u00e9l\u00e8ves peuvent aussi compter sur le soutien du professeur-documentaliste et de son assistante pour les aider dans&nbsp;<strong>leurs recherches sur les m\u00e9tiers et les formations.<\/strong><br><\/p>\n\n\n\n<p class=\"has-text-align-center has-pale-cyan-blue-background-color has-background has-medium-font-size\"><strong>Le Personnel Ressource en Information et Orientation (PRIO)<\/strong><\/p>\n\n\n\n<p>Le PRIO aide&nbsp;<strong>\u00e0 la construction du projet personnel d\u2019orientation<\/strong>&nbsp;et&nbsp;<strong>fournit de nombreuses informations<\/strong>&nbsp;et&nbsp;<strong>apporte un soutien<\/strong>&nbsp;pour choisir la voie qui conviendrait le mieux au projet d\u2019\u00e9tudes de l\u2019\u00e9l\u00e8ve.&nbsp;<strong>Il est un relai important pour les familles<\/strong>.<\/p>\n\n\n\n<p>Au sein de notre \u00e9tablissement, le PRIO accompagne principalement les coll\u00e9giens. Il aide aussi les familles \u00e0&nbsp;<strong>constituer des v\u0153ux d&rsquo;affectation pour les \u00e9tablissements scolaires fran\u00e7ais<\/strong>&nbsp;qui rel\u00e8vent de<strong>&nbsp;la proc\u00e9dure AFFELNET.<\/strong><\/p>\n\n\n\n<p>Pour le solliciter, les demandes de rendez-vous se font par l\u2019interm\u00e9diaire du carnet de liaison de l\u2019\u00e9l\u00e8ve ou directement aupr\u00e8s de M. MARTIN (enseignant d&rsquo;Allemand) en salle S9<\/p>\n\n\n\n<p class=\"has-text-align-center has-pale-cyan-blue-background-color has-background has-medium-font-size\"><strong>Le Conseiller d\u2019Orientation Psychologue (COPsy)<\/strong><\/p>\n\n\n\n<p>Le COPsy (ou Psychologue de l\u2019Education Nationale) mobilise son expertise au service de la prise en compte du d\u00e9veloppement psychologique et social des \u00e9l\u00e8ves pour assurer leur parcours de r\u00e9ussite. Il accompagne les \u00e9l\u00e8ves dans l\u2019\u00e9laboration progressive de leur projet d\u2019orientation.<\/p>\n\n\n\n<p>En lien avec les \u00e9quipes \u00e9ducatives,&nbsp;<strong>il participe \u00e0 la conception<\/strong>&nbsp;et&nbsp;<strong>\u00e0 la mise en \u0153uvre d\u2019actions permettant \u00e0 l\u2019\u00e9l\u00e8ve et \u00e0 la famille de s\u2019approprier des informations sur les formations et les m\u00e9tiers mais aussi sur l\u2019\u00e9volution de leurs repr\u00e9sentations.<\/strong><\/p>\n\n\n\n<p>Il participe \u00e0<strong>&nbsp;l\u2019\u00e9laboration des parcours de r\u00e9ussite<\/strong>&nbsp;des \u00e9l\u00e8ves en leur permettant de&nbsp;<strong>prendre conscience des enjeux<\/strong>&nbsp;et de&nbsp;<strong>s\u2019orienter vers une qualification en vue de leur insertion socioprofessionnelle.<\/strong><\/p>\n\n\n\n<p>Ainsi, il occupe une forte mission d\u2019informations aupr\u00e8s des \u00e9l\u00e8ves et des familles mais aussi des \u00e9tudiants. Il exerce une activit\u00e9 de conseils dans l\u2019\u00e9laboration des projets scolaires, universitaires et professionnels.<\/p>\n\n\n\n<p class=\"has-text-align-center has-medium-font-size\"><strong>La prise de rendez-vous s\u2019effectue en direct, au bureau de la vie scolaire ou par t\u00e9l\u00e9phone (00223)44.98.01.80<\/strong><\/p>\n\n\n\n<p><strong>Pour toute demande de rendez-vous aupr\u00e8s des \u00e9quipes, merci de pr\u00e9ciser votre nom, pr\u00e9nom, classe et les questions que vous souhaitez aborder en entretien<\/strong>.<\/p>\n\n\n<div class=\"wp-block-image\">\n<figure class=\"aligncenter size-full is-resized\"><img loading=\"lazy\" decoding=\"async\" src=\"https:\/\/www.libertebko.org\/wp-content\/uploads\/2024\/04\/images.jpg\" alt=\"\" class=\"wp-image-5850\" width=\"385\" height=\"327\"\/><\/figure><\/div>","protected":false},"excerpt":{"rendered":"<p>Le professeur principal Il peut&nbsp;conseiller l\u2019\u00e9l\u00e8ve,&nbsp;recevoir les parents&nbsp;ou&nbsp;demander \u00e0 les rencontrer pour les guider&nbsp;au mieux. La prise de rendez-vous par les familles s\u2019effectue par le biais des pages d\u00e9di\u00e9es dans le carnet de liaison. Les Conseillers Principaux d\u2019Education (CPE) Toujours \u00e0 l\u2019\u00e9coute et soucieux de&nbsp;la r\u00e9ussite des \u00e9l\u00e8ves, les CPE peuvent&nbsp;conseiller&nbsp;et&nbsp;expliquer les proc\u00e9dures d\u2019orientation,&nbsp;les possibilit\u00e9s [&hellip;]<\/p>\n","protected":false},"author":1,"featured_media":0,"parent":0,"menu_order":0,"comment_status":"closed","ping_status":"closed","template":"","meta":{"footnotes":""},"class_list":["post-422","page","type-page","status-publish","hentry"],"_links":{"self":[{"href":"https:\/\/www.libertebko.org\/index.php?rest_route=\/wp\/v2\/pages\/422","targetHints":{"allow":["GET"]}}],"collection":[{"href":"https:\/\/www.libertebko.org\/index.php?rest_route=\/wp\/v2\/pages"}],"about":[{"href":"https:\/\/www.libertebko.org\/index.php?rest_route=\/wp\/v2\/types\/page"}],"author":[{"embeddable":true,"href":"https:\/\/www.libertebko.org\/index.php?rest_route=\/wp\/v2\/users\/1"}],"replies":[{"embeddable":true,"href":"https:\/\/www.libertebko.org\/index.php?rest_route=%2Fwp%2Fv2%2Fcomments&post=422"}],"version-history":[{"count":3,"href":"https:\/\/www.libertebko.org\/index.php?rest_route=\/wp\/v2\/pages\/422\/revisions"}],"predecessor-version":[{"id":5851,"href":"https:\/\/www.libertebko.org\/index.php?rest_route=\/wp\/v2\/pages\/422\/revisions\/5851"}],"wp:attachment":[{"href":"https:\/\/www.libertebko.org\/index.php?rest_route=%2Fwp%2Fv2%2Fmedia&parent=422"}],"curies":[{"name":"wp","href":"https:\/\/api.w.org\/{rel}","templated":true}]}}