{"id":420,"date":"2024-04-02T14:25:04","date_gmt":"2024-04-02T12:25:04","guid":{"rendered":"https:\/\/www.libertebko.org\/?page_id=420"},"modified":"2024-04-02T14:27:20","modified_gmt":"2024-04-02T12:27:20","slug":"lorientation-post-seconde","status":"publish","type":"page","link":"https:\/\/www.libertebko.org\/?page_id=420","title":{"rendered":"L&rsquo;ORIENTATION POST-SECONDE"},"content":{"rendered":"\n<p class=\"has-text-align-center has-medium-font-size\"><strong>Simulez vos combinaisons de sp\u00e9cialit\u00e9s et d\u00e9couvrez les perspectives de formations et de m\u00e9tiers qui s&rsquo;offrent \u00e0 vous.<\/strong> <\/p>\n\n\n\n<p class=\"has-black-color has-text-color\">Plus d&rsquo;informations : <\/p>\n\n\n\n<p class=\"has-text-align-center has-white-background-color has-text-color has-background has-large-font-size\" style=\"color:#000dbc\"><strong><u><a rel=\"noreferrer noopener\" href=\"https:\/\/www.horizons21.fr\/\" target=\"_blank\">https:\/\/www.horizons21.fr\/<\/a><\/u><\/strong><\/p>\n\n\n\n<p>L&rsquo;orientation apr\u00e8s la seconde est un moment propice pour explorer de nouvelles opportunit\u00e9s, d\u00e9couvrir de nouveaux domaines d&rsquo;int\u00e9r\u00eat et \u00e9largir vos horizon<\/p>\n\n\n\n<p class=\"has-luminous-vivid-orange-background-color has-background has-medium-font-size\"><strong><u>Quelles sp\u00e9cialit\u00e9s choisir selon les \u00e9tudes sup\u00e9rieures que vous visez ?<\/u><\/strong><\/p>\n\n\n\n<p class=\"has-text-align-center has-medium-font-size\">Studyrama propose plusieurs combinaisons pour aider \u00e0 faire ses choix.<br>Retrouvez ci-dessous les<strong>&nbsp;<a rel=\"noreferrer noopener\" href=\"https:\/\/www.studyrama.com\/reforme-du-bac\/quelles-specialites-choisir-selon-les-etudes\/reforme-du-bac-les-eleves-choisiront-7-specialites-au-105006\" target=\"_blank\">sp\u00e9cialit\u00e9s<\/a><\/strong>&nbsp;propos\u00e9es selon les&nbsp;<a rel=\"noreferrer noopener\" href=\"https:\/\/www.studyrama.com\/reforme-du-bac\/quelles-specialites-choisir-selon-les-etudes\/bac-2021-comment-choisir-ses-specialites-selon-ses-105254\" target=\"_blank\">\u00e9tudes<\/a>&nbsp;que vous souhaitez suivre.<\/p>\n\n\n\n<ul class=\"has-text-color wp-block-list\" style=\"color:#000dbc\">\n<li>   <a rel=\"noreferrer noopener\" href=\"https:\/\/www.studyrama.com\/formations\/diplomes\/bac\/quelles-specialites-choisir-selon-les-etudes\/bac-2021-quelles-specialites-choisir-pour-faire-des-105523\" target=\"_blank\">Sp\u00e9cialit\u00e9s pour BUT tertiaire<\/a><\/li>\n\n\n\n<li>   <a rel=\"noreferrer noopener\" href=\"https:\/\/www.studyrama.com\/formations\/diplomes\/bac\/quelles-specialites-choisir-selon-les-etudes\/bac-2021-quelles-specialites-choisir-pour-faire-des-105516\" target=\"_blank\">Sp\u00e9cialit\u00e9s pour BUT industriel<\/a><\/li>\n\n\n\n<li>\u00a0  <a rel=\"noreferrer noopener\" href=\"https:\/\/www.studyrama.com\/formations\/diplomes\/bac\/quelles-specialites-choisir-selon-les-etudes\/bac-2021-quelles-specialites-choisir-pour-faire-des-105521\" target=\"_blank\">Sp\u00e9cialit\u00e9s pour BTS tertiaire<\/a><\/li>\n\n\n\n<li>   <a rel=\"noreferrer noopener\" href=\"https:\/\/www.studyrama.com\/formations\/diplomes\/bac\/quelles-specialites-choisir-selon-les-etudes\/bac-2021-quelles-specialites-choisir-pour-faire-des-105514\" target=\"_blank\">Sp\u00e9cialit\u00e9s pour BTS industriel<\/a><\/li>\n\n\n\n<li>   <a rel=\"noreferrer noopener\" href=\"https:\/\/www.studyrama.com\/formations\/diplomes\/but\/reforme-du-bac-quelles-specialites-choisir-selon-le-105613?var_mode=calcul\" target=\"_blank\">Sp\u00e9cialit\u00e9s selon le BUT que vous visez<\/a><\/li>\n\n\n\n<li>   <a rel=\"noreferrer noopener\" href=\"https:\/\/www.studyrama.com\/formations\/diplomes\/bac\/quelles-specialites-choisir-selon-les-etudes\/bac-2021-quelles-specialites-choisir-selon-la-prepa-105978\" target=\"_blank\">Sp\u00e9cialit\u00e9s pour la pr\u00e9pa<\/a><\/li>\n\n\n\n<li>   <a rel=\"noreferrer noopener\" href=\"https:\/\/www.studyrama.com\/formations\/diplomes\/bac\/quelles-specialites-choisir-selon-les-etudes\/bac-2021-quelles-specialites-choisir-pour-faire-des-105524\" target=\"_blank\">Sp\u00e9cialit\u00e9s pour pr\u00e9pa \u00e9conomique et commerciale<\/a><\/li>\n\n\n\n<li>   <a rel=\"noreferrer noopener\" href=\"https:\/\/www.studyrama.com\/formations\/diplomes\/bac\/quelles-specialites-choisir-selon-les-etudes\/bac-2021-quelles-specialites-choisir-pour-faire-des-105526\" target=\"_blank\">Sp\u00e9cialit\u00e9s pour pr\u00e9pa litt\u00e9raire<\/a><\/li>\n\n\n\n<li>   <a rel=\"noreferrer noopener\" href=\"https:\/\/www.studyrama.com\/formations\/diplomes\/bac\/quelles-specialites-choisir-selon-les-etudes\/bac-2021-quelles-specialites-choisir-pour-faire-des-105527\" target=\"_blank\">Sp\u00e9cialit\u00e9s pour pr\u00e9pa scientifique<\/a><\/li>\n\n\n\n<li>   <a rel=\"noreferrer noopener\" href=\"https:\/\/www.studyrama.com\/formations\/diplomes\/bac\/quelles-specialites-choisir-selon-les-etudes\/bac-2021-quelles-specialites-choisir-pour-faire-des-105353\" target=\"_blank\">Sp\u00e9cialit\u00e9s pour \u00e9tudes en informatique et digital<\/a><\/li>\n\n\n\n<li>   <a rel=\"noreferrer noopener\" href=\"https:\/\/www.studyrama.com\/formations\/diplomes\/bac\/quelles-specialites-choisir-selon-les-etudes\/bac-2021-quelles-specialites-choisir-pour-faire-des-105352\" target=\"_blank\">Sp\u00e9cialit\u00e9s pour \u00e9tudes en agriculture-\u00e9cologie<\/a><\/li>\n\n\n\n<li>   <a rel=\"noreferrer noopener\" href=\"https:\/\/www.studyrama.com\/formations\/diplomes\/bac\/quelles-specialites-choisir-selon-les-etudes\/bac-2021-quelles-specialites-choisir-pour-faire-des-105351\" target=\"_blank\">Sp\u00e9cialit\u00e9s pour \u00e9tudes de langues<\/a><\/li>\n\n\n\n<li> \u00a0 <a rel=\"noreferrer noopener\" href=\"https:\/\/www.studyrama.com\/formations\/diplomes\/bac\/quelles-specialites-choisir-selon-les-etudes\/bac-2021-quelles-specialites-choisir-pour-faire-des-105350\" target=\"_blank\">Sp\u00e9cialit\u00e9s pour \u00e9tudes en journalisme-communication<\/a><\/li>\n\n\n\n<li>   <a rel=\"noreferrer noopener\" href=\"https:\/\/www.studyrama.com\/formations\/diplomes\/bac\/quelles-specialites-choisir-selon-les-etudes\/bac-2021-quelles-specialites-choisir-pour-faire-des-105348\" target=\"_blank\">Sp\u00e9cialit\u00e9s pour \u00e9tudes en tourisme-h\u00f4tellerie et restauration<\/a><\/li>\n\n\n\n<li>   <a rel=\"noreferrer noopener\" href=\"https:\/\/www.studyrama.com\/formations\/diplomes\/bac\/quelles-specialites-choisir-selon-les-etudes\/bac-2021-quelles-specialites-choisir-pour-faire-des-105347\" target=\"_blank\">Sp\u00e9cialit\u00e9s pour \u00e9tudes en histoire-g\u00e9ographie<\/a><\/li>\n\n\n\n<li>   <a rel=\"noreferrer noopener\" href=\"https:\/\/www.studyrama.com\/formations\/diplomes\/bac\/quelles-specialites-choisir-selon-les-etudes\/bac-2021-quelles-specialites-choisir-pour-faire-des-105346\" target=\"_blank\">Sp\u00e9cialit\u00e9s pour \u00e9tudes en \u00e9conomie-gestion<\/a><\/li>\n\n\n\n<li>   <a rel=\"noreferrer noopener\" href=\"https:\/\/www.studyrama.com\/formations\/diplomes\/bac\/quelles-specialites-choisir-selon-les-etudes\/bac-2021-quelles-specialites-choisir-pour-faire-des-105343\" target=\"_blank\">Sp\u00e9cialit\u00e9s pour \u00e9tudes scientifiques<\/a><\/li>\n\n\n\n<li> \u00a0 <a rel=\"noreferrer noopener\" href=\"https:\/\/www.studyrama.com\/formations\/diplomes\/bac\/quelles-specialites-choisir-selon-les-etudes\/bac-2021-quelles-specialites-choisir-pour-faire-des-105341\" target=\"_blank\">Sp\u00e9cialit\u00e9s pour \u00e9tudes de sciences politiques<\/a><\/li>\n\n\n\n<li>   <a rel=\"noreferrer noopener\" href=\"https:\/\/www.studyrama.com\/formations\/diplomes\/bac\/quelles-specialites-choisir-selon-les-etudes\/bac-2021-quelles-specialites-choisir-pour-faire-des-105339\" target=\"_blank\">Sp\u00e9cialit\u00e9s pour \u00e9tudes de lettres<\/a><\/li>\n\n\n\n<li>   <a rel=\"noreferrer noopener\" href=\"https:\/\/www.studyrama.com\/formations\/diplomes\/bac\/quelles-specialites-choisir-selon-les-etudes\/bac-2021-quelles-specialites-choisir-pour-faire-des-105338\" target=\"_blank\">Sp\u00e9cialit\u00e9s pour \u00e9tudes dans le social<\/a><\/li>\n\n\n\n<li>  <a rel=\"noreferrer noopener\" href=\"https:\/\/www.studyrama.com\/formations\/diplomes\/bac\/quelles-specialites-choisir-selon-les-etudes\/bac-2021-quelles-specialites-choisir-pour-faire-des-105337\" target=\"_blank\">Sp\u00e9cialit\u00e9s pour STAPS<\/a><\/li>\n\n\n\n<li>  <a rel=\"noreferrer noopener\" href=\"https:\/\/www.studyrama.com\/formations\/diplomes\/bac\/quelles-specialites-choisir-selon-les-etudes\/bac-2021-quelles-specialites-choisir-pour-faire-des-105336\" target=\"_blank\">Sp\u00e9cialit\u00e9s pour \u00e9tudes de psychologie<\/a><\/li>\n\n\n\n<li>  <a rel=\"noreferrer noopener\" href=\"https:\/\/www.studyrama.com\/formations\/diplomes\/bac\/quelles-specialites-choisir-selon-les-etudes\/bac-2021-quelles-specialites-choisir-pour-faire-des-105335\" target=\"_blank\">Sp\u00e9cialit\u00e9s pour \u00e9tudes de sant\u00e9<\/a><\/li>\n\n\n\n<li>  <a rel=\"noreferrer noopener\" href=\"https:\/\/www.studyrama.com\/formations\/diplomes\/bac\/quelles-specialites-choisir-selon-les-etudes\/bac-2021-bien-choisir-vos-3-specialites-pour-integrer-105303\" target=\"_blank\">Sp\u00e9cialit\u00e9s pour \u00e9cole d\u2019art<\/a><\/li>\n\n\n\n<li>  <a rel=\"noreferrer noopener\" href=\"https:\/\/www.studyrama.com\/formations\/diplomes\/bac\/quelles-specialites-choisir-selon-les-etudes\/bac-2021-quelles-specialites-choisir-pour-integrer-une-105301\" target=\"_blank\">Sp\u00e9cialit\u00e9s pour \u00e9cole d\u2019ing\u00e9nieurs<\/a><\/li>\n\n\n\n<li>  <a rel=\"noreferrer noopener\" href=\"https:\/\/www.studyrama.com\/formations\/diplomes\/bac\/quelles-specialites-choisir-selon-les-etudes\/bac-2021-quelles-specialites-choisir-pour-integrer-une-105286\" target=\"_blank\">Sp\u00e9cialit\u00e9s pour \u00e9cole de commerce<\/a><\/li>\n\n\n\n<li>  <a rel=\"noreferrer noopener\" href=\"https:\/\/www.studyrama.com\/formations\/diplomes\/bac\/quelles-specialites-choisir-selon-les-etudes\/bac-2021-quelles-specialites-choisir-pour-des-etudes-105276\" target=\"_blank\">Sp\u00e9cialit\u00e9s pour \u00e9tudes de Droit<\/a><\/li>\n<\/ul>\n\n\n\n<div class=\"wp-block-group\"><div class=\"wp-block-group__inner-container is-layout-constrained wp-block-group-is-layout-constrained\">\n<div class=\"wp-block-group\"><div class=\"wp-block-group__inner-container is-layout-constrained wp-block-group-is-layout-constrained\">\n<p class=\"has-text-align-center has-luminous-vivid-orange-background-color has-background has-medium-font-size\">Retrouvez l&rsquo;int\u00e9gralit\u00e9 de ces informations \u00e0 l&rsquo;adresse suivante: <\/p>\n\n\n\n<p class=\"has-text-align-center has-luminous-vivid-orange-background-color has-background has-medium-font-size\"><a href=\"https:\/\/www.studyrama.com\/formations\/diplomes\/bac\/quelles-specialites-choisir-selon-les-etudes\/\">https:\/\/www.studyrama.com\/formations\/diplomes\/bac\/quelles-specialites-choisir-selon-les-etudes\/<\/a><\/p>\n<\/div><\/div>\n<\/div><\/div>\n","protected":false},"excerpt":{"rendered":"<p>Simulez vos combinaisons de sp\u00e9cialit\u00e9s et d\u00e9couvrez les perspectives de formations et de m\u00e9tiers qui s&rsquo;offrent \u00e0 vous. Plus d&rsquo;informations : https:\/\/www.horizons21.fr\/ L&rsquo;orientation apr\u00e8s la seconde est un moment propice pour explorer de nouvelles opportunit\u00e9s, d\u00e9couvrir de nouveaux domaines d&rsquo;int\u00e9r\u00eat et \u00e9largir vos horizon Quelles sp\u00e9cialit\u00e9s choisir selon les \u00e9tudes sup\u00e9rieures que vous visez ? [&hellip;]<\/p>\n","protected":false},"author":1,"featured_media":0,"parent":0,"menu_order":0,"comment_status":"closed","ping_status":"closed","template":"","meta":{"footnotes":""},"class_list":["post-420","page","type-page","status-publish","hentry"],"_links":{"self":[{"href":"https:\/\/www.libertebko.org\/index.php?rest_route=\/wp\/v2\/pages\/420","targetHints":{"allow":["GET"]}}],"collection":[{"href":"https:\/\/www.libertebko.org\/index.php?rest_route=\/wp\/v2\/pages"}],"about":[{"href":"https:\/\/www.libertebko.org\/index.php?rest_route=\/wp\/v2\/types\/page"}],"author":[{"embeddable":true,"href":"https:\/\/www.libertebko.org\/index.php?rest_route=\/wp\/v2\/users\/1"}],"replies":[{"embeddable":true,"href":"https:\/\/www.libertebko.org\/index.php?rest_route=%2Fwp%2Fv2%2Fcomments&post=420"}],"version-history":[{"count":10,"href":"https:\/\/www.libertebko.org\/index.php?rest_route=\/wp\/v2\/pages\/420\/revisions"}],"predecessor-version":[{"id":5857,"href":"https:\/\/www.libertebko.org\/index.php?rest_route=\/wp\/v2\/pages\/420\/revisions\/5857"}],"wp:attachment":[{"href":"https:\/\/www.libertebko.org\/index.php?rest_route=%2Fwp%2Fv2%2Fmedia&parent=420"}],"curies":[{"name":"wp","href":"https:\/\/api.w.org\/{rel}","templated":true}]}}