{"id":419,"date":"2021-05-11T01:25:29","date_gmt":"2021-05-10T23:25:29","guid":{"rendered":"https:\/\/www.libertebko.org\/?page_id=419"},"modified":"2021-05-11T01:25:31","modified_gmt":"2021-05-10T23:25:31","slug":"les-enseignements-de-specialite-au-lycee","status":"publish","type":"page","link":"https:\/\/www.libertebko.org\/?page_id=419","title":{"rendered":"Les Enseignements de sp\u00e9cialit\u00e9 au lyc\u00e9e"},"content":{"rendered":"\n<p>Notre \u00e9tablissement propose les enseignements de Sp\u00e9cialit\u00e9 suivants :<\/p>\n\n\n\n<p>&#8211; Histoire G\u00e9ographie, G\u00e9opolitique et Sciences Politiques<br>&#8211; Humanit\u00e9s Litt\u00e9rature et Philosophie<br>&#8211; Langue Litt\u00e9rature et Culture \u00e9trang\u00e8re (Anglais)<br>&#8211; Math\u00e9matiques<br>&#8211; Num\u00e9rique et Sciences Informatiques (rentr\u00e9e 2021)<br>&#8211; Sciences de la Vie et de la Terre (SVT)<br>&#8211; Sciences \u00e9conomiques et sociales<br>&#8211; Physique Chimie<\/p>\n","protected":false},"excerpt":{"rendered":"<p>Notre \u00e9tablissement propose les enseignements de Sp\u00e9cialit\u00e9 suivants : &#8211; Histoire G\u00e9ographie, G\u00e9opolitique et Sciences Politiques&#8211; Humanit\u00e9s Litt\u00e9rature et Philosophie&#8211; Langue Litt\u00e9rature et Culture \u00e9trang\u00e8re (Anglais)&#8211; Math\u00e9matiques&#8211; Num\u00e9rique et Sciences Informatiques (rentr\u00e9e 2021)&#8211; Sciences de la Vie et de la Terre (SVT)&#8211; Sciences \u00e9conomiques et sociales&#8211; Physique Chimie<\/p>\n","protected":false},"author":1,"featured_media":0,"parent":0,"menu_order":0,"comment_status":"closed","ping_status":"closed","template":"","meta":{"footnotes":""},"class_list":["post-419","page","type-page","status-publish","hentry"],"_links":{"self":[{"href":"https:\/\/www.libertebko.org\/index.php?rest_route=\/wp\/v2\/pages\/419","targetHints":{"allow":["GET"]}}],"collection":[{"href":"https:\/\/www.libertebko.org\/index.php?rest_route=\/wp\/v2\/pages"}],"about":[{"href":"https:\/\/www.libertebko.org\/index.php?rest_route=\/wp\/v2\/types\/page"}],"author":[{"embeddable":true,"href":"https:\/\/www.libertebko.org\/index.php?rest_route=\/wp\/v2\/users\/1"}],"replies":[{"embeddable":true,"href":"https:\/\/www.libertebko.org\/index.php?rest_route=%2Fwp%2Fv2%2Fcomments&post=419"}],"version-history":[{"count":1,"href":"https:\/\/www.libertebko.org\/index.php?rest_route=\/wp\/v2\/pages\/419\/revisions"}],"predecessor-version":[{"id":432,"href":"https:\/\/www.libertebko.org\/index.php?rest_route=\/wp\/v2\/pages\/419\/revisions\/432"}],"wp:attachment":[{"href":"https:\/\/www.libertebko.org\/index.php?rest_route=%2Fwp%2Fv2%2Fmedia&parent=419"}],"curies":[{"name":"wp","href":"https:\/\/api.w.org\/{rel}","templated":true}]}}