{"id":2945,"date":"2024-01-03T12:40:27","date_gmt":"2024-01-03T11:40:27","guid":{"rendered":"https:\/\/www.libertebko.org\/?page_id=2945"},"modified":"2025-06-01T19:01:40","modified_gmt":"2025-06-01T17:01:40","slug":"menu-de-la-semaine","status":"publish","type":"page","link":"https:\/\/www.libertebko.org\/?page_id=2945","title":{"rendered":"Menu du mois"},"content":{"rendered":"\n<p>D\u00e9sormais, l&rsquo;\u00e9tablissement scolaire propose un service de menus complets sur plateau. Les \u00e9l\u00e8ves pourront choisir de prendre l&rsquo;entr\u00e9e et\/ou le plat principal. Ils pourront en outre composer eux-m\u00eames leur plat sur simple demande lors du service. L&rsquo;ensemble des plats propos\u00e9s est disponible ci-dessous semaine par semaine pour le mois \u00e0 venir : <\/p>\n\n\n\n<p class=\"has-text-align-center\"> Menu du mois: <\/p>\n\n\n<a href=\"https:\/\/www.libertebko.org\/wp-content\/uploads\/2025\/06\/MENUS-CANTINE-LIBERTE-MAI-2025.pdf\" class=\"pdfemb-viewer\" style=\"\" data-width=\"max\" data-height=\"max\" data-toolbar=\"top\" data-toolbar-fixed=\"off\">MENUS-CANTINE-LIBERTE-MAI-2025<\/a>\n\n\n<p class=\"has-text-align-center\"><\/p>\n\n\n\n<figure class=\"wp-block-gallery has-nested-images columns-default is-cropped wp-block-gallery-1 is-layout-flex wp-block-gallery-is-layout-flex\">\n<figure class=\"wp-block-image size-large\"><img loading=\"lazy\" decoding=\"async\" width=\"240\" height=\"320\" data-id=\"4543\" src=\"https:\/\/www.libertebko.org\/wp-content\/uploads\/2022\/12\/IMG_5359.jpg\" alt=\"\" class=\"wp-image-4543\" srcset=\"https:\/\/www.libertebko.org\/wp-content\/uploads\/2022\/12\/IMG_5359.jpg 240w, https:\/\/www.libertebko.org\/wp-content\/uploads\/2022\/12\/IMG_5359-225x300.jpg 225w\" sizes=\"auto, (max-width: 240px) 100vw, 240px\" \/><\/figure>\n\n\n\n<figure class=\"wp-block-image size-large\"><img loading=\"lazy\" decoding=\"async\" width=\"240\" height=\"320\" data-id=\"4532\" src=\"https:\/\/www.libertebko.org\/wp-content\/uploads\/2022\/12\/IMG_5348.jpg\" alt=\"\" class=\"wp-image-4532\" srcset=\"https:\/\/www.libertebko.org\/wp-content\/uploads\/2022\/12\/IMG_5348.jpg 240w, https:\/\/www.libertebko.org\/wp-content\/uploads\/2022\/12\/IMG_5348-225x300.jpg 225w\" sizes=\"auto, (max-width: 240px) 100vw, 240px\" \/><\/figure>\n\n\n\n<figure class=\"wp-block-image size-large\"><img loading=\"lazy\" decoding=\"async\" width=\"240\" height=\"320\" data-id=\"4539\" src=\"https:\/\/www.libertebko.org\/wp-content\/uploads\/2022\/12\/IMG_5355.jpg\" alt=\"\" class=\"wp-image-4539\" srcset=\"https:\/\/www.libertebko.org\/wp-content\/uploads\/2022\/12\/IMG_5355.jpg 240w, https:\/\/www.libertebko.org\/wp-content\/uploads\/2022\/12\/IMG_5355-225x300.jpg 225w\" sizes=\"auto, (max-width: 240px) 100vw, 240px\" \/><\/figure>\n\n\n\n<figure class=\"wp-block-image size-large\"><img loading=\"lazy\" decoding=\"async\" width=\"240\" height=\"320\" data-id=\"4538\" src=\"https:\/\/www.libertebko.org\/wp-content\/uploads\/2022\/12\/IMG_5354.jpg\" alt=\"\" class=\"wp-image-4538\" srcset=\"https:\/\/www.libertebko.org\/wp-content\/uploads\/2022\/12\/IMG_5354.jpg 240w, https:\/\/www.libertebko.org\/wp-content\/uploads\/2022\/12\/IMG_5354-225x300.jpg 225w\" sizes=\"auto, (max-width: 240px) 100vw, 240px\" \/><\/figure>\n\n\n\n<figure class=\"wp-block-image size-large\"><img loading=\"lazy\" decoding=\"async\" width=\"240\" height=\"320\" data-id=\"4545\" src=\"https:\/\/www.libertebko.org\/wp-content\/uploads\/2022\/12\/IMG_5362.jpg\" alt=\"\" class=\"wp-image-4545\" srcset=\"https:\/\/www.libertebko.org\/wp-content\/uploads\/2022\/12\/IMG_5362.jpg 240w, https:\/\/www.libertebko.org\/wp-content\/uploads\/2022\/12\/IMG_5362-225x300.jpg 225w\" sizes=\"auto, (max-width: 240px) 100vw, 240px\" \/><\/figure>\n\n\n\n<figure class=\"wp-block-image size-large\"><img loading=\"lazy\" decoding=\"async\" width=\"240\" height=\"320\" data-id=\"4544\" src=\"https:\/\/www.libertebko.org\/wp-content\/uploads\/2022\/12\/IMG_5361-rotated.jpg\" alt=\"\" class=\"wp-image-4544\" srcset=\"https:\/\/www.libertebko.org\/wp-content\/uploads\/2022\/12\/IMG_5361-rotated.jpg 240w, https:\/\/www.libertebko.org\/wp-content\/uploads\/2022\/12\/IMG_5361-225x300.jpg 225w\" sizes=\"auto, (max-width: 240px) 100vw, 240px\" \/><\/figure>\n\n\n\n<figure class=\"wp-block-image size-large\"><img loading=\"lazy\" decoding=\"async\" width=\"240\" height=\"320\" data-id=\"4537\" src=\"https:\/\/www.libertebko.org\/wp-content\/uploads\/2022\/12\/IMG_5353.jpg\" alt=\"\" class=\"wp-image-4537\" srcset=\"https:\/\/www.libertebko.org\/wp-content\/uploads\/2022\/12\/IMG_5353.jpg 240w, https:\/\/www.libertebko.org\/wp-content\/uploads\/2022\/12\/IMG_5353-225x300.jpg 225w\" sizes=\"auto, (max-width: 240px) 100vw, 240px\" \/><\/figure>\n\n\n\n<figure class=\"wp-block-image size-large\"><img loading=\"lazy\" decoding=\"async\" width=\"240\" height=\"320\" data-id=\"4535\" src=\"https:\/\/www.libertebko.org\/wp-content\/uploads\/2022\/12\/IMG_5351-rotated.jpg\" alt=\"\" class=\"wp-image-4535\" srcset=\"https:\/\/www.libertebko.org\/wp-content\/uploads\/2022\/12\/IMG_5351-rotated.jpg 240w, https:\/\/www.libertebko.org\/wp-content\/uploads\/2022\/12\/IMG_5351-225x300.jpg 225w\" sizes=\"auto, (max-width: 240px) 100vw, 240px\" \/><\/figure>\n\n\n\n<figure class=\"wp-block-image size-large\"><img loading=\"lazy\" decoding=\"async\" width=\"240\" height=\"320\" data-id=\"4533\" src=\"https:\/\/www.libertebko.org\/wp-content\/uploads\/2022\/12\/IMG_5349.jpg\" alt=\"\" class=\"wp-image-4533\" srcset=\"https:\/\/www.libertebko.org\/wp-content\/uploads\/2022\/12\/IMG_5349.jpg 240w, https:\/\/www.libertebko.org\/wp-content\/uploads\/2022\/12\/IMG_5349-225x300.jpg 225w\" sizes=\"auto, (max-width: 240px) 100vw, 240px\" \/><\/figure>\n\n\n\n<figure class=\"wp-block-image size-large\"><img loading=\"lazy\" decoding=\"async\" width=\"240\" height=\"320\" data-id=\"4542\" src=\"https:\/\/www.libertebko.org\/wp-content\/uploads\/2022\/12\/IMG_5358.jpg\" alt=\"\" class=\"wp-image-4542\" srcset=\"https:\/\/www.libertebko.org\/wp-content\/uploads\/2022\/12\/IMG_5358.jpg 240w, https:\/\/www.libertebko.org\/wp-content\/uploads\/2022\/12\/IMG_5358-225x300.jpg 225w\" sizes=\"auto, (max-width: 240px) 100vw, 240px\" \/><\/figure>\n\n\n\n<figure class=\"wp-block-image size-large\"><img loading=\"lazy\" decoding=\"async\" width=\"240\" height=\"320\" data-id=\"4546\" src=\"https:\/\/www.libertebko.org\/wp-content\/uploads\/2022\/12\/IMG_5363.jpg\" alt=\"\" class=\"wp-image-4546\" srcset=\"https:\/\/www.libertebko.org\/wp-content\/uploads\/2022\/12\/IMG_5363.jpg 240w, https:\/\/www.libertebko.org\/wp-content\/uploads\/2022\/12\/IMG_5363-225x300.jpg 225w\" sizes=\"auto, (max-width: 240px) 100vw, 240px\" \/><\/figure>\n\n\n\n<figure class=\"wp-block-image size-large\"><img loading=\"lazy\" decoding=\"async\" width=\"240\" height=\"320\" data-id=\"4529\" src=\"https:\/\/www.libertebko.org\/wp-content\/uploads\/2022\/12\/IMG_5345.jpg\" alt=\"\" class=\"wp-image-4529\" srcset=\"https:\/\/www.libertebko.org\/wp-content\/uploads\/2022\/12\/IMG_5345.jpg 240w, https:\/\/www.libertebko.org\/wp-content\/uploads\/2022\/12\/IMG_5345-225x300.jpg 225w\" sizes=\"auto, (max-width: 240px) 100vw, 240px\" \/><\/figure>\n<\/figure>\n","protected":false},"excerpt":{"rendered":"<p>D\u00e9sormais, l&rsquo;\u00e9tablissement scolaire propose un service de menus complets sur plateau. Les \u00e9l\u00e8ves pourront choisir de prendre l&rsquo;entr\u00e9e et\/ou le plat principal. Ils pourront en outre composer eux-m\u00eames leur plat sur simple demande lors du service. L&rsquo;ensemble des plats propos\u00e9s est disponible ci-dessous semaine par semaine pour le mois \u00e0 venir : Menu du mois:<\/p>\n","protected":false},"author":3,"featured_media":4524,"parent":0,"menu_order":0,"comment_status":"closed","ping_status":"closed","template":"","meta":{"footnotes":""},"class_list":["post-2945","page","type-page","status-publish","has-post-thumbnail","hentry"],"_links":{"self":[{"href":"https:\/\/www.libertebko.org\/index.php?rest_route=\/wp\/v2\/pages\/2945","targetHints":{"allow":["GET"]}}],"collection":[{"href":"https:\/\/www.libertebko.org\/index.php?rest_route=\/wp\/v2\/pages"}],"about":[{"href":"https:\/\/www.libertebko.org\/index.php?rest_route=\/wp\/v2\/types\/page"}],"author":[{"embeddable":true,"href":"https:\/\/www.libertebko.org\/index.php?rest_route=\/wp\/v2\/users\/3"}],"replies":[{"embeddable":true,"href":"https:\/\/www.libertebko.org\/index.php?rest_route=%2Fwp%2Fv2%2Fcomments&post=2945"}],"version-history":[{"count":28,"href":"https:\/\/www.libertebko.org\/index.php?rest_route=\/wp\/v2\/pages\/2945\/revisions"}],"predecessor-version":[{"id":7177,"href":"https:\/\/www.libertebko.org\/index.php?rest_route=\/wp\/v2\/pages\/2945\/revisions\/7177"}],"wp:featuredmedia":[{"embeddable":true,"href":"https:\/\/www.libertebko.org\/index.php?rest_route=\/wp\/v2\/media\/4524"}],"wp:attachment":[{"href":"https:\/\/www.libertebko.org\/index.php?rest_route=%2Fwp%2Fv2%2Fmedia&parent=2945"}],"curies":[{"name":"wp","href":"https:\/\/api.w.org\/{rel}","templated":true}]}}