{"id":27,"date":"2021-05-01T18:16:31","date_gmt":"2021-05-01T16:16:31","guid":{"rendered":"https:\/\/www.libertebko.org\/?page_id=27"},"modified":"2021-05-30T20:40:00","modified_gmt":"2021-05-30T18:40:00","slug":"projet-detablissement","status":"publish","type":"page","link":"https:\/\/www.libertebko.org\/?page_id=27","title":{"rendered":"Projet d&rsquo;\u00e9tablissement"},"content":{"rendered":"\n<div class=\"wp-block-buttons is-content-justification-center is-layout-flex wp-block-buttons-is-layout-flex\">\n<div class=\"wp-block-button\"><a class=\"wp-block-button__link\" href=\"wp-content\/uploads\/2021\/05\/Projet-detablissement-2019-2021-CE-du-8-octobre-.pdf\">Cliquez ici pour t\u00e9l\u00e9charger le projet d&rsquo;\u00e9tablissement<\/a><\/div>\n<\/div>\n\n\n\n<iframe src=wp-content\/uploads\/2021\/05\/Projet-detablissement-2019-2021-CE-du-8-octobre-.pdf width=\"100%\" height=\"850\">\n\t\t\t\t\t<\/iframe>\n","protected":false},"excerpt":{"rendered":"","protected":false},"author":1,"featured_media":0,"parent":0,"menu_order":0,"comment_status":"closed","ping_status":"closed","template":"","meta":{"footnotes":""},"class_list":["post-27","page","type-page","status-publish","hentry"],"_links":{"self":[{"href":"https:\/\/www.libertebko.org\/index.php?rest_route=\/wp\/v2\/pages\/27","targetHints":{"allow":["GET"]}}],"collection":[{"href":"https:\/\/www.libertebko.org\/index.php?rest_route=\/wp\/v2\/pages"}],"about":[{"href":"https:\/\/www.libertebko.org\/index.php?rest_route=\/wp\/v2\/types\/page"}],"author":[{"embeddable":true,"href":"https:\/\/www.libertebko.org\/index.php?rest_route=\/wp\/v2\/users\/1"}],"replies":[{"embeddable":true,"href":"https:\/\/www.libertebko.org\/index.php?rest_route=%2Fwp%2Fv2%2Fcomments&post=27"}],"version-history":[{"count":6,"href":"https:\/\/www.libertebko.org\/index.php?rest_route=\/wp\/v2\/pages\/27\/revisions"}],"predecessor-version":[{"id":1337,"href":"https:\/\/www.libertebko.org\/index.php?rest_route=\/wp\/v2\/pages\/27\/revisions\/1337"}],"wp:attachment":[{"href":"https:\/\/www.libertebko.org\/index.php?rest_route=%2Fwp%2Fv2%2Fmedia&parent=27"}],"curies":[{"name":"wp","href":"https:\/\/api.w.org\/{rel}","templated":true}]}}