{"id":21,"date":"2021-05-01T18:14:59","date_gmt":"2021-05-01T16:14:59","guid":{"rendered":"https:\/\/www.libertebko.org\/?page_id=21"},"modified":"2022-01-08T15:42:10","modified_gmt":"2022-01-08T14:42:10","slug":"presentation","status":"publish","type":"page","link":"https:\/\/www.libertebko.org\/?page_id=21","title":{"rendered":"Pr\u00e9sentation"},"content":{"rendered":"\n<p>A l&rsquo;origine \u00ab l&rsquo;\u00c9cole Libert\u00e9 \u00bb a \u00e9t\u00e9 fond\u00e9e en 1960, dans l&rsquo;enceinte actuelle du Minist\u00e8re de l&rsquo;\u00c9ducation Nationale, place de la Libert\u00e9.<br><br>En 1962, \u00e0 l&rsquo;occasion de la grande r\u00e9forme de l&rsquo;enseignement, on distingua la section A \u00e0 programme fran\u00e7ais, de la section B \u00e0 cursus malien.<br><br>C&rsquo;est en 1972-1973 que les classes de l&rsquo;\u00e9cole et du coll\u00e8ge s&rsquo;installent sur le campus actuel, les classes de lyc\u00e9e les rejoignent en 1978.<br><br>Pendant plusieurs ann\u00e9es, c&rsquo;est le lyc\u00e9e Askia Mohamed qui abrita la section fran\u00e7aise du lyc\u00e9e \u00ab Libert\u00e9 A \u00bb. Rien d&rsquo;\u00e9tonnant qu&rsquo;aujourd&rsquo;hui encore pour tout Bamako notre \u00e9tablissement est connu et d\u00e9sign\u00e9 sous le nom de \u00ab Ecole Libert\u00e9 A \u00bb.<br><br>Pourtant en 1993, il est devenu le lyc\u00e9e fran\u00e7ais Libert\u00e9 et depuis 2012, il s&rsquo;appelle \u00c9tablissement Libert\u00e9.<\/p>\n\n\n\n<p class=\"wp-block-corefortress-slider\"><div class=\"corefortress-slider-wrap\" id=\"corefortress_slider_wrap_69eefa5468381\">\n    <div class=\"corefortress-slider-container swiper-container\" id=\"corefortress_slider_69eefa5468381\"\n         data-lazy=\"false\"\n         data-direction=\"horizontal\"\n         data-initial=\"0\"\n         data-speed=\"300\"\n         data-effect=\"slide\"\n         data-autoslidedelay=\"5000\"\n         data-thumbsheight=\"100\"\n         data-thumbsperview=\"4\"\n         data-haspagination=\"true\"\n         data-paginationtype=\"bullets\"\n         data-navigationarrows=\"true\"\n         data-grabcursor=\"true\"\n         data-autoslide=\"true\"\n         data-stoponhover=\"true\"\n         data-loop=\"true\"\n    >\n        <div class=\"swiper-wrapper\">\n            \n                                    <div class=\"swiper-slide\" data-media-type=\"image\"\n                         data-id=\"69eefa546839a\">\n                        <img decoding=\"async\" class=\"corefortress-slide-img-bg\"\n                             src=\"https:\/\/www.libertebko.org\/wp-content\/uploads\/2021\/05\/04.png\"\n                             alt=\"Pr\u00e9sentation\"\/>\n                                <div class=\"corefortress-slide-overlay\"><\/div>\n                <a class=\"corefortress-slide-link\" href=\"\"  ><\/a>\n                        <\/div>\n                                \n                                    <div class=\"swiper-slide\" data-media-type=\"image\"\n                         data-id=\"69eefa5468abc\">\n                        <img decoding=\"async\" class=\"corefortress-slide-img-bg\"\n                             src=\"https:\/\/www.libertebko.org\/wp-content\/uploads\/2021\/05\/03.png\"\n                             alt=\"Pr\u00e9sentation\"\/>\n                                <div class=\"corefortress-slide-overlay\"><\/div>\n                <a class=\"corefortress-slide-link\" href=\"\"  ><\/a>\n                        <\/div>\n                                \n                                    <div class=\"swiper-slide\" data-media-type=\"image\"\n                         data-id=\"69eefa54690fc\">\n                        <img decoding=\"async\" class=\"corefortress-slide-img-bg\"\n                             src=\"https:\/\/www.libertebko.org\/wp-content\/uploads\/2021\/05\/02.png\"\n                             alt=\"Pr\u00e9sentation\"\/>\n                                <div class=\"corefortress-slide-overlay\"><\/div>\n                <a class=\"corefortress-slide-link\" href=\"\"  ><\/a>\n                        <\/div>\n                                        <\/div>\n                <div class=\"corefortress-swiper-button-next\"><\/div>\n        <div class=\"corefortress-swiper-button-prev\"><\/div>\n        \n                    <div class=\"corefortress-swiper-pagination\"><\/div>\n            <\/div>\n\n    <\/div>\n\n\n\n<style>\n    #corefortress_slider_wrap_69eefa5468381 {\n        position: static;\n        max-width: none !important;\n        background-color: rgba(0,0,0,1);\n        border: 0px solid #000000;\n     width: 100% !important;\n        margin: 20px 0px 20px 0px;\n    }\n\n    \n    #corefortress_slider_69eefa5468381 {\n        position: relative;\n        width: 100%;\n     height: 800px;\n        }\n\n    #corefortress_slider_69eefa5468381 .swiper-slide {\n                width: 100%;\n                display: flex;\n        justify-content: center;\n        align-items: center;\n    }\n\n    #corefortress_slider_69eefa5468381 .corefortress-slide-overlay {\n        position: absolute;\n        top: 0;\n        right: 0;\n        bottom: 0;\n        left: 0;\n        background-color: rgba(0,0,0,0.7);\n        z-index: 1;\n    }\n\n    .corefortress-slide-content {\n        z-index: 2;\n        display: flex;\n        flex-direction: column;\n        justify-content: flex-start;\n        margin: 0px 0px 0px 0px;\n        position: absolute;\n        text-align: center;\n     align-items: center;\n        left: 50%;\n        transform: translateX(-50%);\n     top: 50%;\n        transform: translateY(-50%)translateX(-50%);\n     width: 30%;\n        background-color: rgba(255,255,255,0);\n    }\n\n    #corefortress_slider_69eefa5468381 .corefortress-slide-title {\n        font-size: 24px;\n        color: #ffffff;\n        margin: 5px 0px 5px 5px;\n        border: 0px solid #FFFFFF;\n        border-radius: 0px;\n    }\n\n    #corefortress_slider_69eefa5468381 .corefortress-slide-description {\n        font-size: 16px;\n        color: #ffffff;\n        margin: 5px 0px 5px 5px;\n        border: 0px solid #FFFFFF;\n        border-radius: 0px;\n    }\n\n    #corefortress_slider_69eefa5468381 .corefortress-slide-cta-wrap {\n        z-index: 3;\n        margin: 5px 0px 5px 5px;\n    }\n\n    #corefortress_slider_69eefa5468381 .corefortress-slide-cta {\n        display: inline-block;\n        text-decoration: none;\n        font-size: 16px;\n        height: 40px;\n        line-height: 40px;\n        padding: 0 20px;\n        color: #FFFFFF;\n        background-color: #0674ec;\n        border: none;\n        border-radius: 5px;\n        white-space: nowrap;\n        box-shadow: none;\n    }\n\n    #corefortress_slider_69eefa5468381 .corefortress-slide-link {\n        z-index: 3;\n        display: block;\n        position: absolute;\n        top: 0;\n        bottom: 0;\n        right: 0;\n        left: 0;\n        background: transparent;\n    }\n\n    #corefortress_slider_69eefa5468381 .corefortress-swiper-button-next,\n    #corefortress_slider_69eefa5468381 .corefortress-swiper-button-prev {\n        position: absolute;\n        top: 50%;\n        width: 40px;\n        height: 40px;\n        transform: translateY(-50%);\n        z-index: 10;\n        cursor: pointer;\n        display: flex;\n        align-items: center;\n        justify-content: center;\n        background-size: 40px 40px;\n        background-repeat: no-repeat;\n    }\n\n    #corefortress_slider_69eefa5468381 .corefortress-swiper-button-prev {\n        left: 10px;\n        right: auto;\n        background-image: url(https:\/\/www.libertebko.org\/wp-content\/plugins\/image-responsive-slider\/assets\/img\/arrows\/1left.svg)\n    }\n\n    #corefortress_slider_69eefa5468381 .corefortress-swiper-button-next {\n        right: 10px;\n        left: auto;\n        background-image: url(https:\/\/www.libertebko.org\/wp-content\/plugins\/image-responsive-slider\/assets\/img\/arrows\/1right.svg)\n    }\n\n    #corefortress_slider_thumbs_69eefa5468381 {\n        height: 100px;\n        box-sizing: border-box;\n        padding: 10px 0;\n        width: 100%;\n    }\n    #corefortress_slider_thumbs_69eefa5468381 .swiper-slide {\n        height: 100%;\n        opacity: 0.4;\n        cursor:pointer;\n        display: inline-flex;\n        justify-content: center;\n        align-items: center;\n    }\n\n    .corefortress-thumb-bg {\n        position: absolute;\n        width: 100%;\n        height: 100%;\n        top: 0;\n        left: 0;\n        filter: blur(30px);\n        background-position: center;\n        background-repeat: no-repeat;\n        background-size: cover;\n        z-index:0;\n    }\n\n    #corefortress_slider_thumbs_69eefa5468381 .swiper-slide img {\n        max-width: 100%;\n        max-height: 100%;\n        z-index: 1;\n    }\n     .swiper-slide-thumb-active {\n        opacity: 1;\n    }\n\n    #corefortress_slider_69eefa5468381 .corefortress-swiper-pagination {\n        position: absolute;\n        text-align: center;\n        transition: .3s opacity;\n        transform: translate3d(0,0,0);\n        z-index: 10;\n                    bottom: 0;\n        \n            }\n\n\n\n    #corefortress_slider_69eefa5468381 .corefortress-swiper-pagination .swiper-pagination-bullet {\n        background-color: rgba(255,255,255,1)    }\n\n    #corefortress_slider_69eefa5468381 .corefortress-swiper-pagination .swiper-pagination-bullet.swiper-pagination-bullet-active {\n        background-color: rgba(6,116,236,1)    }\n\n    \n<\/style><\/p>\n","protected":false},"excerpt":{"rendered":"<p>A l&rsquo;origine \u00ab l&rsquo;\u00c9cole Libert\u00e9 \u00bb a \u00e9t\u00e9 fond\u00e9e en 1960, dans l&rsquo;enceinte actuelle du Minist\u00e8re de l&rsquo;\u00c9ducation Nationale, place de la Libert\u00e9. En 1962, \u00e0 l&rsquo;occasion de la grande r\u00e9forme de l&rsquo;enseignement, on distingua la section A \u00e0 programme fran\u00e7ais, de la section B \u00e0 cursus malien. C&rsquo;est en 1972-1973 que les classes de [&hellip;]<\/p>\n","protected":false},"author":1,"featured_media":0,"parent":0,"menu_order":0,"comment_status":"closed","ping_status":"closed","template":"","meta":{"footnotes":""},"class_list":["post-21","page","type-page","status-publish","hentry"],"_links":{"self":[{"href":"https:\/\/www.libertebko.org\/index.php?rest_route=\/wp\/v2\/pages\/21","targetHints":{"allow":["GET"]}}],"collection":[{"href":"https:\/\/www.libertebko.org\/index.php?rest_route=\/wp\/v2\/pages"}],"about":[{"href":"https:\/\/www.libertebko.org\/index.php?rest_route=\/wp\/v2\/types\/page"}],"author":[{"embeddable":true,"href":"https:\/\/www.libertebko.org\/index.php?rest_route=\/wp\/v2\/users\/1"}],"replies":[{"embeddable":true,"href":"https:\/\/www.libertebko.org\/index.php?rest_route=%2Fwp%2Fv2%2Fcomments&post=21"}],"version-history":[{"count":27,"href":"https:\/\/www.libertebko.org\/index.php?rest_route=\/wp\/v2\/pages\/21\/revisions"}],"predecessor-version":[{"id":2856,"href":"https:\/\/www.libertebko.org\/index.php?rest_route=\/wp\/v2\/pages\/21\/revisions\/2856"}],"wp:attachment":[{"href":"https:\/\/www.libertebko.org\/index.php?rest_route=%2Fwp%2Fv2%2Fmedia&parent=21"}],"curies":[{"name":"wp","href":"https:\/\/api.w.org\/{rel}","templated":true}]}}