{"id":156,"date":"2021-05-01T18:51:45","date_gmt":"2021-05-01T16:51:45","guid":{"rendered":"https:\/\/www.libertebko.org\/?page_id=156"},"modified":"2023-11-27T17:03:23","modified_gmt":"2023-11-27T16:03:23","slug":"presentation-5","status":"publish","type":"page","link":"https:\/\/www.libertebko.org\/?page_id=156","title":{"rendered":"Divisions et effectifs"},"content":{"rendered":"\n<p>L\u2019Etablissement Libert\u00e9 accueille 1361 \u00e9l\u00e8ves, du CP \u00e0 la Terminale&nbsp;:<\/p>\n\n\n\n<figure class=\"wp-block-table\"><table class=\"has-white-background-color has-background has-fixed-layout\"><thead><tr><th class=\"has-text-align-center\" data-align=\"center\">Niveaux<\/th><th class=\"has-text-align-center\" data-align=\"center\">Nombre de divisions 2023-2024<\/th><th class=\"has-text-align-center\" data-align=\"center\">Effectifs 2023-2024<\/th><\/tr><\/thead><tbody><tr><td class=\"has-text-align-center\" data-align=\"center\"><strong>El\u00e9mentaire<\/strong><\/td><td class=\"has-text-align-center\" data-align=\"center\">CP: 4 divisions<br>CE1: 4 divisions<br>CE2: 4 divisions<br>CM1: 3 divisions<br>CM2: 4 divisions<br><strong>Total divisions: 19 divisions<\/strong><\/td><td class=\"has-text-align-center\" data-align=\"center\">429 \u00e9l\u00e8ves<\/td><\/tr><tr><td class=\"has-text-align-center\" data-align=\"center\"><strong>Coll\u00e8ge<\/strong><\/td><td class=\"has-text-align-center\" data-align=\"center\">6\u00e8me : 5 divisions<br>5\u00e8me : 5 divisions<br>4\u00e8me : 5 divisions<br>3\u00e8me: 5 divisions<br><strong>Total divisions: 20 divisions<\/strong><\/td><td class=\"has-text-align-center\" data-align=\"center\">521 \u00e9l\u00e8ves<\/td><\/tr><tr><td class=\"has-text-align-center\" data-align=\"center\"><strong>Lyc\u00e9e<\/strong><\/td><td class=\"has-text-align-center\" data-align=\"center\">2nde: 6 divisions<br>1\u00e8re: 5 divisions<br>Terminale : 5 divisions<br><strong>Total divisions : 16 divisions<\/strong><\/td><td class=\"has-text-align-center\" data-align=\"center\">411 \u00e9l\u00e8ves<\/td><\/tr><tr><td class=\"has-text-align-center\" data-align=\"center\"><\/td><td class=\"has-text-align-center\" data-align=\"center\"><strong>TOTAL <\/strong><\/td><td class=\"has-text-align-center\" data-align=\"center\"><strong>1361 \u00e9l\u00e8ves<\/strong><\/td><\/tr><\/tbody><\/table><\/figure>\n\n\n\n<p><\/p>\n","protected":false},"excerpt":{"rendered":"<p>L\u2019Etablissement Libert\u00e9 accueille 1361 \u00e9l\u00e8ves, du CP \u00e0 la Terminale&nbsp;: Niveaux Nombre de divisions 2023-2024 Effectifs 2023-2024 El\u00e9mentaire CP: 4 divisionsCE1: 4 divisionsCE2: 4 divisionsCM1: 3 divisionsCM2: 4 divisionsTotal divisions: 19 divisions 429 \u00e9l\u00e8ves Coll\u00e8ge 6\u00e8me : 5 divisions5\u00e8me : 5 divisions4\u00e8me : 5 divisions3\u00e8me: 5 divisionsTotal divisions: 20 divisions 521 \u00e9l\u00e8ves Lyc\u00e9e 2nde: 6 [&hellip;]<\/p>\n","protected":false},"author":1,"featured_media":0,"parent":0,"menu_order":0,"comment_status":"closed","ping_status":"closed","template":"","meta":{"footnotes":""},"class_list":["post-156","page","type-page","status-publish","hentry"],"_links":{"self":[{"href":"https:\/\/www.libertebko.org\/index.php?rest_route=\/wp\/v2\/pages\/156","targetHints":{"allow":["GET"]}}],"collection":[{"href":"https:\/\/www.libertebko.org\/index.php?rest_route=\/wp\/v2\/pages"}],"about":[{"href":"https:\/\/www.libertebko.org\/index.php?rest_route=\/wp\/v2\/types\/page"}],"author":[{"embeddable":true,"href":"https:\/\/www.libertebko.org\/index.php?rest_route=\/wp\/v2\/users\/1"}],"replies":[{"embeddable":true,"href":"https:\/\/www.libertebko.org\/index.php?rest_route=%2Fwp%2Fv2%2Fcomments&post=156"}],"version-history":[{"count":11,"href":"https:\/\/www.libertebko.org\/index.php?rest_route=\/wp\/v2\/pages\/156\/revisions"}],"predecessor-version":[{"id":5567,"href":"https:\/\/www.libertebko.org\/index.php?rest_route=\/wp\/v2\/pages\/156\/revisions\/5567"}],"wp:attachment":[{"href":"https:\/\/www.libertebko.org\/index.php?rest_route=%2Fwp%2Fv2%2Fmedia&parent=156"}],"curies":[{"name":"wp","href":"https:\/\/api.w.org\/{rel}","templated":true}]}}