{"id":152,"date":"2021-05-01T18:51:09","date_gmt":"2021-05-01T16:51:09","guid":{"rendered":"https:\/\/www.libertebko.org\/?page_id=152"},"modified":"2021-05-11T01:18:04","modified_gmt":"2021-05-10T23:18:04","slug":"vie-scolaire-2","status":"publish","type":"page","link":"https:\/\/www.libertebko.org\/?page_id=152","title":{"rendered":"Vie scolaire"},"content":{"rendered":"\n<p><strong>Les bureaux de la vie scolaire sont ouverts de 7h30 \u00e018h (lundi au vendredi).<\/strong><\/p>\n\n\n\n<p>La vie scolaire de l&rsquo;\u00e9tablissement Libert\u00e9 est r\u00e9partie sur deux locaux :<br>\u2022 Un local \u00e0 l&rsquo;entr\u00e9e de l&rsquo;\u00e9tablissement pour la r\u00e9gularisation d&rsquo;un retard ou d&rsquo;une absence.<br>\u2022 Un local central avec les bureaux des deux CPE et des assistants d&rsquo;\u00e9ducation.<\/p>\n\n\n\n<p><strong>La vie scolaire a quatre champs de comp\u00e9tences :<\/strong><br>1. La vie quotidienne des \u00e9l\u00e8ves et du personnel de la vie scolaire<br>\u2022 Responsabilit\u00e9 du contr\u00f4le des effectifs<br>\u2022 Organisation du service des personnels de surveillance<br>\u2022 Vie des \u00e9l\u00e8ves \u00e0 l&rsquo;int\u00e9rieur de l&rsquo;\u00e9tablissement durant et hors temps scolaire<br>\u2022 Application des mesures propres \u00e0 assurer la s\u00e9curit\u00e9 des \u00e9l\u00e8ves<\/p>\n\n\n\n<p>2. La collaboration avec les personnels enseignants et le suivi de la classe<\/p>\n\n\n\n<p>3. L&rsquo;animation \u00e9ducative : relations avec les \u00e9l\u00e8ves sur le plan collectif et individuel<\/p>\n\n\n\n<p>4. L&rsquo;\u00e9ducation<\/p>\n\n\n\n<p>Deux conseillers principaux d&rsquo;\u00e9ducation (CPE) et 8 assistants d&rsquo;\u00e9ducation (AE) sont en charge de la vie scolaire des coll\u00e9giens et des lyc\u00e9ens :<br>\u2022 Monsieur Fabien BOUTRAIS&nbsp; &#8211;&nbsp; CPE pour le coll\u00e8ge<br>\u2022 Monsieur David SIMON&nbsp; &nbsp; &nbsp; &nbsp; &nbsp; &#8211;&nbsp; CPE pour le lyc\u00e9e<\/p>\n\n\n\n<p>T\u00e9l. du service central : (+223) 44.98.01.91<\/p>\n","protected":false},"excerpt":{"rendered":"<p>Les bureaux de la vie scolaire sont ouverts de 7h30 \u00e018h (lundi au vendredi). La vie scolaire de l&rsquo;\u00e9tablissement Libert\u00e9 est r\u00e9partie sur deux locaux :\u2022 Un local \u00e0 l&rsquo;entr\u00e9e de l&rsquo;\u00e9tablissement pour la r\u00e9gularisation d&rsquo;un retard ou d&rsquo;une absence.\u2022 Un local central avec les bureaux des deux CPE et des assistants d&rsquo;\u00e9ducation. La vie [&hellip;]<\/p>\n","protected":false},"author":1,"featured_media":0,"parent":0,"menu_order":0,"comment_status":"closed","ping_status":"closed","template":"","meta":{"footnotes":""},"class_list":["post-152","page","type-page","status-publish","hentry"],"_links":{"self":[{"href":"https:\/\/www.libertebko.org\/index.php?rest_route=\/wp\/v2\/pages\/152","targetHints":{"allow":["GET"]}}],"collection":[{"href":"https:\/\/www.libertebko.org\/index.php?rest_route=\/wp\/v2\/pages"}],"about":[{"href":"https:\/\/www.libertebko.org\/index.php?rest_route=\/wp\/v2\/types\/page"}],"author":[{"embeddable":true,"href":"https:\/\/www.libertebko.org\/index.php?rest_route=\/wp\/v2\/users\/1"}],"replies":[{"embeddable":true,"href":"https:\/\/www.libertebko.org\/index.php?rest_route=%2Fwp%2Fv2%2Fcomments&post=152"}],"version-history":[{"count":4,"href":"https:\/\/www.libertebko.org\/index.php?rest_route=\/wp\/v2\/pages\/152\/revisions"}],"predecessor-version":[{"id":403,"href":"https:\/\/www.libertebko.org\/index.php?rest_route=\/wp\/v2\/pages\/152\/revisions\/403"}],"wp:attachment":[{"href":"https:\/\/www.libertebko.org\/index.php?rest_route=%2Fwp%2Fv2%2Fmedia&parent=152"}],"curies":[{"name":"wp","href":"https:\/\/api.w.org\/{rel}","templated":true}]}}