{"id":131,"date":"2021-05-01T18:47:40","date_gmt":"2021-05-01T16:47:40","guid":{"rendered":"https:\/\/www.libertebko.org\/?page_id=131"},"modified":"2021-05-11T01:42:46","modified_gmt":"2021-05-10T23:42:46","slug":"presentation-4","status":"publish","type":"page","link":"https:\/\/www.libertebko.org\/?page_id=131","title":{"rendered":"PRESENTATION DE L&rsquo;\u00c9COLE"},"content":{"rendered":"\n<p>L\u2019\u00e9cole primaire se situe dans l\u2019enceinte de lyc\u00e9e Libert\u00e9 avec qui elle forme une entit\u00e9 unique : l\u2019Etablissement Libert\u00e9. L\u2019\u00e9cole primaire accueille environ 500 \u00e9l\u00e8ves r\u00e9partis dans 19 classes du CP au CM2.<\/p>\n\n\n\n<p>L\u2019\u00e9quipe de l\u2019\u00e9cole primaire est compos\u00e9e de 19 professeurs des \u00e9coles, 4 enseignants d\u2019anglais, 1 enseignante surnum\u00e9raire, 1 biblioth\u00e9caire, 1 secr\u00e9taire et 1 directeur.<\/p>\n\n\n\n<p>L\u2019\u00e9cole primaire dispose de :<br>&#8211; 24 salles de classes<br>&#8211; 1 salle de sport<br>&#8211; 1 salle de musique<br>&#8211; 1 biblioth\u00e8que centre documentaire (BCD)<\/p>\n","protected":false},"excerpt":{"rendered":"<p>L\u2019\u00e9cole primaire se situe dans l\u2019enceinte de lyc\u00e9e Libert\u00e9 avec qui elle forme une entit\u00e9 unique : l\u2019Etablissement Libert\u00e9. L\u2019\u00e9cole primaire accueille environ 500 \u00e9l\u00e8ves r\u00e9partis dans 19 classes du CP au CM2. L\u2019\u00e9quipe de l\u2019\u00e9cole primaire est compos\u00e9e de 19 professeurs des \u00e9coles, 4 enseignants d\u2019anglais, 1 enseignante surnum\u00e9raire, 1 biblioth\u00e9caire, 1 secr\u00e9taire et [&hellip;]<\/p>\n","protected":false},"author":1,"featured_media":0,"parent":0,"menu_order":0,"comment_status":"closed","ping_status":"closed","template":"","meta":{"footnotes":""},"class_list":["post-131","page","type-page","status-publish","hentry"],"_links":{"self":[{"href":"https:\/\/www.libertebko.org\/index.php?rest_route=\/wp\/v2\/pages\/131","targetHints":{"allow":["GET"]}}],"collection":[{"href":"https:\/\/www.libertebko.org\/index.php?rest_route=\/wp\/v2\/pages"}],"about":[{"href":"https:\/\/www.libertebko.org\/index.php?rest_route=\/wp\/v2\/types\/page"}],"author":[{"embeddable":true,"href":"https:\/\/www.libertebko.org\/index.php?rest_route=\/wp\/v2\/users\/1"}],"replies":[{"embeddable":true,"href":"https:\/\/www.libertebko.org\/index.php?rest_route=%2Fwp%2Fv2%2Fcomments&post=131"}],"version-history":[{"count":2,"href":"https:\/\/www.libertebko.org\/index.php?rest_route=\/wp\/v2\/pages\/131\/revisions"}],"predecessor-version":[{"id":466,"href":"https:\/\/www.libertebko.org\/index.php?rest_route=\/wp\/v2\/pages\/131\/revisions\/466"}],"wp:attachment":[{"href":"https:\/\/www.libertebko.org\/index.php?rest_route=%2Fwp%2Fv2%2Fmedia&parent=131"}],"curies":[{"name":"wp","href":"https:\/\/api.w.org\/{rel}","templated":true}]}}