{"id":122,"date":"2021-05-01T18:46:03","date_gmt":"2021-05-01T16:46:03","guid":{"rendered":"https:\/\/www.libertebko.org\/?page_id=122"},"modified":"2021-11-09T21:24:46","modified_gmt":"2021-11-09T20:24:46","slug":"examens-et-resultats","status":"publish","type":"page","link":"https:\/\/www.libertebko.org\/?page_id=122","title":{"rendered":"Examens et r\u00e9sultats"},"content":{"rendered":"\n<div class=\"wp-block-media-text alignwide is-stacked-on-mobile\" style=\"grid-template-columns:18% auto\"><figure class=\"wp-block-media-text__media\"><a href=\"https:\/\/www.libertebko.org\/?page_id=455\"><img loading=\"lazy\" decoding=\"async\" width=\"150\" height=\"150\" src=\"https:\/\/www.libertebko.org\/wp-content\/uploads\/2021\/05\/logo-inscription-e1622455500992.png\" alt=\"\" class=\"wp-image-1013 size-thumbnail\"\/><\/a><\/figure><div class=\"wp-block-media-text__content\">\n<p>Frais d&rsquo;examens<\/p>\n\n\n\n<p><a href=\"https:\/\/www.libertebko.org\/?page_id=2427\">Consultez ici les frais \u00e0 s&rsquo;acquitter pour passer les examens<\/a><\/p>\n<\/div><\/div>\n\n\n\n<hr class=\"wp-block-separator\"\/>\n\n\n\n<div class=\"wp-block-media-text alignwide is-stacked-on-mobile\" style=\"grid-template-columns:18% auto\"><figure class=\"wp-block-media-text__media\"><a href=\"https:\/\/www.libertebko.org\/?page_id=455\"><img loading=\"lazy\" decoding=\"async\" width=\"150\" height=\"150\" src=\"https:\/\/www.libertebko.org\/wp-content\/uploads\/2021\/06\/Brevet-e1622584264535.png\" alt=\"\" class=\"wp-image-1395 size-thumbnail\"\/><\/a><\/figure><div class=\"wp-block-media-text__content\">\n<p>Dipl\u00f4me du Brevet des Coll\u00e8ges<\/p>\n\n\n\n<p><a href=\"https:\/\/www.libertebko.org\/?page_id=455\" data-type=\"URL\" data-id=\"https:\/\/www.libertebko.org\/?page_id=455\">Consultez ici les informations se r\u00e9f\u00e9rant au dipl\u00f4me du Brevet des Coll\u00e8ge.<\/a><\/p>\n<\/div><\/div>\n\n\n\n<hr class=\"wp-block-separator\"\/>\n\n\n\n<div class=\"wp-block-media-text alignwide is-stacked-on-mobile\" style=\"grid-template-columns:18% auto\"><figure class=\"wp-block-media-text__media\"><a href=\"https:\/\/www.libertebko.org\/?page_id=456\"><img loading=\"lazy\" decoding=\"async\" width=\"150\" height=\"150\" src=\"https:\/\/www.libertebko.org\/wp-content\/uploads\/2021\/06\/Bac-e1622584278614.png\" alt=\"\" class=\"wp-image-1394 size-thumbnail\"\/><\/a><\/figure><div class=\"wp-block-media-text__content\">\n<p>Diplome du Bacclaur\u00e9at<\/p>\n\n\n\n<p><a href=\"https:\/\/www.libertebko.org\/?page_id=456\" data-type=\"URL\" data-id=\"https:\/\/www.libertebko.org\/?page_id=456\">Consultez ici les informations se r\u00e9f\u00e9rant au dipl\u00f4me du Baccalaur\u00e9at.<\/a><\/p>\n<\/div><\/div>\n\n\n\n<hr class=\"wp-block-separator\"\/>\n\n\n\n<div class=\"wp-block-media-text alignwide is-stacked-on-mobile\" style=\"grid-template-columns:18% auto\"><figure class=\"wp-block-media-text__media\"><a href=\"https:\/\/www.libertebko.org\/?page_id=457\"><img loading=\"lazy\" decoding=\"async\" width=\"150\" height=\"150\" src=\"https:\/\/www.libertebko.org\/wp-content\/uploads\/2021\/06\/resultats-e1622584289502.png\" alt=\"\" class=\"wp-image-1397 size-thumbnail\"\/><\/a><\/figure><div class=\"wp-block-media-text__content\">\n<p>R\u00e9sultats aux examens<\/p>\n\n\n\n<p><a href=\"https:\/\/www.libertebko.org\/?page_id=457\" data-type=\"URL\" data-id=\"https:\/\/www.libertebko.org\/?page_id=457\">Consultez ici les r\u00e9sultats des \u00e9l\u00e8ves de l&rsquo;\u00e9tablissement aux examens.<\/a><\/p>\n<\/div><\/div>\n","protected":false},"excerpt":{"rendered":"<p>Frais d&rsquo;examens Consultez ici les frais \u00e0 s&rsquo;acquitter pour passer les examens Dipl\u00f4me du Brevet des Coll\u00e8ges Consultez ici les informations se r\u00e9f\u00e9rant au dipl\u00f4me du Brevet des Coll\u00e8ge. Diplome du Bacclaur\u00e9at Consultez ici les informations se r\u00e9f\u00e9rant au dipl\u00f4me du Baccalaur\u00e9at. R\u00e9sultats aux examens Consultez ici les r\u00e9sultats des \u00e9l\u00e8ves de l&rsquo;\u00e9tablissement aux examens.<\/p>\n","protected":false},"author":1,"featured_media":0,"parent":0,"menu_order":0,"comment_status":"closed","ping_status":"closed","template":"","meta":{"footnotes":""},"class_list":["post-122","page","type-page","status-publish","hentry"],"_links":{"self":[{"href":"https:\/\/www.libertebko.org\/index.php?rest_route=\/wp\/v2\/pages\/122","targetHints":{"allow":["GET"]}}],"collection":[{"href":"https:\/\/www.libertebko.org\/index.php?rest_route=\/wp\/v2\/pages"}],"about":[{"href":"https:\/\/www.libertebko.org\/index.php?rest_route=\/wp\/v2\/types\/page"}],"author":[{"embeddable":true,"href":"https:\/\/www.libertebko.org\/index.php?rest_route=\/wp\/v2\/users\/1"}],"replies":[{"embeddable":true,"href":"https:\/\/www.libertebko.org\/index.php?rest_route=%2Fwp%2Fv2%2Fcomments&post=122"}],"version-history":[{"count":11,"href":"https:\/\/www.libertebko.org\/index.php?rest_route=\/wp\/v2\/pages\/122\/revisions"}],"predecessor-version":[{"id":2429,"href":"https:\/\/www.libertebko.org\/index.php?rest_route=\/wp\/v2\/pages\/122\/revisions\/2429"}],"wp:attachment":[{"href":"https:\/\/www.libertebko.org\/index.php?rest_route=%2Fwp%2Fv2%2Fmedia&parent=122"}],"curies":[{"name":"wp","href":"https:\/\/api.w.org\/{rel}","templated":true}]}}