{"id":1006,"date":"2021-05-31T12:03:17","date_gmt":"2021-05-31T10:03:17","guid":{"rendered":"https:\/\/www.libertebko.org\/?page_id=1006"},"modified":"2026-04-10T12:34:37","modified_gmt":"2026-04-10T10:34:37","slug":"inscriptions-et-tarifs-2","status":"publish","type":"page","link":"https:\/\/www.libertebko.org\/?page_id=1006","title":{"rendered":"INSCRIPTIONS ET REINSCRIPTION 2026-2027"},"content":{"rendered":"\n<p class=\"has-text-align-center has-vivid-cyan-blue-color has-text-color has-medium-font-size\"><strong> <\/strong><\/p>\n\n\n\n<div class=\"wp-block-columns is-layout-flex wp-container-core-columns-is-layout-9d6595d7 wp-block-columns-is-layout-flex\">\n<div class=\"wp-block-column is-layout-flow wp-block-column-is-layout-flow\" style=\"flex-basis:25%\">\n<figure class=\"wp-block-image size-full is-resized\"><img loading=\"lazy\" decoding=\"async\" width=\"225\" height=\"225\" src=\"https:\/\/www.libertebko.org\/wp-content\/uploads\/2024\/04\/images.png\" alt=\"\" class=\"wp-image-6006\" style=\"width:168px;height:auto\" srcset=\"https:\/\/www.libertebko.org\/wp-content\/uploads\/2024\/04\/images.png 225w, https:\/\/www.libertebko.org\/wp-content\/uploads\/2024\/04\/images-150x150.png 150w\" sizes=\"auto, (max-width: 225px) 100vw, 225px\" \/><\/figure>\n<\/div>\n\n\n\n<div class=\"wp-block-column is-layout-flow wp-block-column-is-layout-flow\" style=\"flex-basis:50%\">\n<p><strong>LA CAMPAGNE 2026-2027  d&rsquo;inscriptions et de r\u00e9inscriptions est ouverte !!!<\/strong><\/p>\n\n\n\n<p><strong>La campagne se d\u00e9roule, comme les deux ann\u00e9es pr\u00e9c\u00e9dentes, de mani\u00e8re d\u00e9mat\u00e9rialis\u00e9e via notre application EDUKA.<\/strong><\/p>\n<\/div>\n<\/div>\n\n\n\n<hr class=\"wp-block-separator has-alpha-channel-opacity\"\/>\n\n\n\n<hr class=\"wp-block-separator has-alpha-channel-opacity\"\/>\n\n\n\n<h2 class=\"wp-block-heading has-text-align-center has-vivid-red-background-color has-background has-large-font-size\">Inscriptions et r\u00e9inscriptions<\/h2>\n\n\n\n<div class=\"wp-block-buttons has-custom-font-size has-large-font-size is-horizontal is-content-justification-center is-layout-flex wp-container-core-buttons-is-layout-499968f5 wp-block-buttons-is-layout-flex\">\n<div class=\"wp-block-button has-custom-width wp-block-button__width-75 is-style-fill\"><a class=\"wp-block-button__link wp-element-button\" href=\"https:\/\/www.libertebko.org\/?page_id=6044\" target=\"_blank\" rel=\"noreferrer noopener\">Cliquez-ici<\/a><\/div>\n<\/div>\n\n\n\n<hr class=\"wp-block-separator has-alpha-channel-opacity\"\/>\n\n\n\n<hr class=\"wp-block-separator has-alpha-channel-opacity\"\/>\n\n\n\n<div class=\"wp-block-media-text alignwide is-stacked-on-mobile is-vertically-aligned-center is-image-fill-element\" style=\"grid-template-columns:31% auto\"><figure class=\"wp-block-media-text__media\"><a href=\"https:\/\/www.libertebko.org\/wp-content\/uploads\/2026\/04\/Reglement-financier-2026-2027.pdf\"><img loading=\"lazy\" decoding=\"async\" width=\"150\" height=\"150\" src=\"https:\/\/www.libertebko.org\/wp-content\/uploads\/2021\/05\/LOGO-TARIFS-1-e1622455479261.png\" alt=\"\" class=\"wp-image-1015 size-medium\" style=\"object-position:50% 50%\"\/><\/a><\/figure><div class=\"wp-block-media-text__content\">\n<h2 class=\"wp-block-heading has-black-color has-text-color\"><a href=\"https:\/\/www.libertebko.org\/wp-content\/uploads\/2026\/04\/Reglement-financier-2026-2027.pdf\">Cliquez -ici pour consulter notre r\u00e8glement financier et nos tarifs pour l&rsquo;ann\u00e9e 2026-2027<\/a><\/h2>\n\n\n\n<p><a href=\"https:\/\/www.libertebko.org\/wp-content\/uploads\/2026\/04\/Reglement-financier-2026-2027.pdf\" data-type=\"URL\" target=\"_blank\" rel=\"noreferrer noopener\">Vous trouverez dans cette rubrique les renseignements concernant les tarifs de l&rsquo;\u00e9tablissement.<\/a><\/p>\n<\/div><\/div>\n\n\n\n<hr class=\"wp-block-separator has-alpha-channel-opacity\"\/>\n","protected":false},"excerpt":{"rendered":"<p>LA CAMPAGNE 2026-2027 d&rsquo;inscriptions et de r\u00e9inscriptions est ouverte !!! La campagne se d\u00e9roule, comme les deux ann\u00e9es pr\u00e9c\u00e9dentes, de mani\u00e8re d\u00e9mat\u00e9rialis\u00e9e via notre application EDUKA. Inscriptions et r\u00e9inscriptions Cliquez -ici pour consulter notre r\u00e8glement financier et nos tarifs pour l&rsquo;ann\u00e9e 2026-2027 Vous trouverez dans cette rubrique les renseignements concernant les tarifs de l&rsquo;\u00e9tablissement.<\/p>\n","protected":false},"author":1,"featured_media":0,"parent":0,"menu_order":0,"comment_status":"closed","ping_status":"closed","template":"","meta":{"footnotes":""},"class_list":["post-1006","page","type-page","status-publish","hentry"],"_links":{"self":[{"href":"https:\/\/www.libertebko.org\/index.php?rest_route=\/wp\/v2\/pages\/1006","targetHints":{"allow":["GET"]}}],"collection":[{"href":"https:\/\/www.libertebko.org\/index.php?rest_route=\/wp\/v2\/pages"}],"about":[{"href":"https:\/\/www.libertebko.org\/index.php?rest_route=\/wp\/v2\/types\/page"}],"author":[{"embeddable":true,"href":"https:\/\/www.libertebko.org\/index.php?rest_route=\/wp\/v2\/users\/1"}],"replies":[{"embeddable":true,"href":"https:\/\/www.libertebko.org\/index.php?rest_route=%2Fwp%2Fv2%2Fcomments&post=1006"}],"version-history":[{"count":65,"href":"https:\/\/www.libertebko.org\/index.php?rest_route=\/wp\/v2\/pages\/1006\/revisions"}],"predecessor-version":[{"id":7408,"href":"https:\/\/www.libertebko.org\/index.php?rest_route=\/wp\/v2\/pages\/1006\/revisions\/7408"}],"wp:attachment":[{"href":"https:\/\/www.libertebko.org\/index.php?rest_route=%2Fwp%2Fv2%2Fmedia&parent=1006"}],"curies":[{"name":"wp","href":"https:\/\/api.w.org\/{rel}","templated":true}]}}